{"id":39189,"date":"2026-01-27T18:26:01","date_gmt":"2026-01-27T18:26:01","guid":{"rendered":"https:\/\/www.deporteseli.com\/?product=zapatos-informales-grand-court-td-lifestyle-c"},"modified":"2026-01-27T18:26:04","modified_gmt":"2026-01-27T18:26:04","slug":"zapatos-informales-grand-court-td-lifestyle-c","status":"publish","type":"product","link":"https:\/\/www.deporteseli.com\/?product=zapatos-informales-grand-court-td-lifestyle-c","title":{"rendered":"ZAPATOS INFORMALES GRAND COURT TD LIFESTYLE C"},"content":{"rendered":"<p>ZAPATOS INFORMALES GRAND COURT TD LIFESTYLE COURT  ZAPATOS LIMPIOS Y ADHERENTES HECHOS EN PARTE CON MATERIALES RECICLADOS.  Opta por un look ic\u00f3nico con estos tenis inspirados en el tenis de adidas. Cuentan con un equilibrio de estilo casual y deportivo que es perfecto para el uso diario. La parte superior sint\u00e9tica est\u00e1 construida para m\u00e1xima comodidad y durabilidad. La suela exterior est\u00e1 hecha para el agarre, por lo que puedes ir de las canchas a dar un paseo por la ciudad con facilidad. Fabricada con una serie de materiales reciclados, esta parte superior presenta al menos un 50 % de contenido reciclado. Este producto representa solo una de nuestras soluciones para ayudar a acabar con los residuos pl\u00e1sticos.  DETALLES DE PRODUCTO  Corte normal  Cierre de cordones  Empeine sint\u00e9tico  suela sint\u00e9tica  La parte superior contiene un m\u00ednimo de 50 % de contenido reciclado                                                                                                                                                                                                                                                                                                                                                                                                                                                                                                                                                                                                                                                                                                                                                                                                                                                                                                                                                                                                                                        <\/p>\n","protected":false},"excerpt":{"rendered":"<p>ZAPATOS INFORMALES GRAND COURT TD LIFESTYLE C<\/p>\n","protected":false},"featured_media":53379,"template":"","meta":[],"product_brand":[],"product_cat":[261],"product_tag":[18],"class_list":{"0":"post-39189","1":"product","2":"type-product","3":"status-publish","4":"has-post-thumbnail","6":"product_cat-hombre_calzado_casual","7":"product_tag-adidas","8":"pa_color-unico","9":"pa_talla-45-5","10":"thunk-woo-product-list","11":"opn-qv-enable","12":"open-woo-hover-","13":"open-single-product-tab-horizontal","14":"open-shadow-","15":"open-shadow-hover-","17":"first","18":"instock","19":"sale","20":"shipping-taxable","21":"purchasable","22":"product-type-variable"},"jetpack_sharing_enabled":true,"_links":{"self":[{"href":"https:\/\/www.deporteseli.com\/index.php?rest_route=\/wp\/v2\/product\/39189","targetHints":{"allow":["GET"]}}],"collection":[{"href":"https:\/\/www.deporteseli.com\/index.php?rest_route=\/wp\/v2\/product"}],"about":[{"href":"https:\/\/www.deporteseli.com\/index.php?rest_route=\/wp\/v2\/types\/product"}],"wp:featuredmedia":[{"embeddable":true,"href":"https:\/\/www.deporteseli.com\/index.php?rest_route=\/wp\/v2\/media\/53379"}],"wp:attachment":[{"href":"https:\/\/www.deporteseli.com\/index.php?rest_route=%2Fwp%2Fv2%2Fmedia&parent=39189"}],"wp:term":[{"taxonomy":"product_brand","embeddable":true,"href":"https:\/\/www.deporteseli.com\/index.php?rest_route=%2Fwp%2Fv2%2Fproduct_brand&post=39189"},{"taxonomy":"product_cat","embeddable":true,"href":"https:\/\/www.deporteseli.com\/index.php?rest_route=%2Fwp%2Fv2%2Fproduct_cat&post=39189"},{"taxonomy":"product_tag","embeddable":true,"href":"https:\/\/www.deporteseli.com\/index.php?rest_route=%2Fwp%2Fv2%2Fproduct_tag&post=39189"}],"curies":[{"name":"wp","href":"https:\/\/api.w.org\/{rel}","templated":true}]}}