{"id":39182,"date":"2026-01-27T18:25:52","date_gmt":"2026-01-27T18:25:52","guid":{"rendered":"https:\/\/www.deporteseli.com\/?product=camiseta-essentials-single-jersey-big-logo"},"modified":"2026-03-07T05:32:25","modified_gmt":"2026-03-07T05:32:25","slug":"camiseta-essentials-single-jersey-big-logo","status":"publish","type":"product","link":"https:\/\/www.deporteseli.com\/?product=camiseta-essentials-single-jersey-big-logo","title":{"rendered":"CAMISETA ESSENTIALS SINGLE JERSEY BIG LOGO"},"content":{"rendered":"<p>Descripci\u00f3n    Esta camiseta adidas es lo que necesitas para empezar o acabar el d\u00eda por todo lo alto. Presenta un dise\u00f1o c\u00f3modo e informal y luce el logotipo de adidas en la parte frontal que demuestra tu pasi\u00f3n por la marca de las 3 bandas. Comb\u00ednala con cualquier prenda de tu armario para lograr un look deportivo cl\u00e1sico.  Grupo de Edad  :  Adulto  Linea MRKT Corp  :  Sportswear  Categoria Deporte  :  Not Sports Specific  Segmento  :  T-Shirt (Short Sleeve)  Tipo de Producto  :  Camiseta  Categoria Linea Mrkt  :  Essentials  Composicion  :  100% Algod\u00f3n, Corte cl\u00e1sico, Cuello redondo de canal\u00e9, Punto 100% algod\u00f3n, ,  Deporte B2B  :  Gimnasio Y Entrenamiento  Tipo Producto B2B  :  Camisetas  Color  :  Rojo                                                                                                                                                                                                                                                                                                                                                                                                                                                                                                                                                                                                                                                                                                                                                                                                                                                                                                                                                                                                                                        <\/p>\n","protected":false},"excerpt":{"rendered":"<p>CAMISETA ESSENTIALS SINGLE JERSEY BIG LOGO<\/p>\n","protected":false},"featured_media":53375,"template":"","meta":[],"product_brand":[],"product_cat":[245],"product_tag":[18],"class_list":{"0":"post-39182","1":"product","2":"type-product","3":"status-publish","4":"has-post-thumbnail","6":"product_cat-hombre_textil_camisetas","7":"product_tag-adidas","8":"pa_color-unico","9":"pa_talla-l","10":"pa_talla-m","11":"pa_talla-s","12":"thunk-woo-product-list","13":"opn-qv-enable","14":"open-woo-hover-","15":"open-single-product-tab-horizontal","16":"open-shadow-","17":"open-shadow-hover-","19":"first","20":"instock","21":"shipping-taxable","22":"purchasable","23":"product-type-variable"},"jetpack_sharing_enabled":true,"_links":{"self":[{"href":"https:\/\/www.deporteseli.com\/index.php?rest_route=\/wp\/v2\/product\/39182","targetHints":{"allow":["GET"]}}],"collection":[{"href":"https:\/\/www.deporteseli.com\/index.php?rest_route=\/wp\/v2\/product"}],"about":[{"href":"https:\/\/www.deporteseli.com\/index.php?rest_route=\/wp\/v2\/types\/product"}],"wp:featuredmedia":[{"embeddable":true,"href":"https:\/\/www.deporteseli.com\/index.php?rest_route=\/wp\/v2\/media\/53375"}],"wp:attachment":[{"href":"https:\/\/www.deporteseli.com\/index.php?rest_route=%2Fwp%2Fv2%2Fmedia&parent=39182"}],"wp:term":[{"taxonomy":"product_brand","embeddable":true,"href":"https:\/\/www.deporteseli.com\/index.php?rest_route=%2Fwp%2Fv2%2Fproduct_brand&post=39182"},{"taxonomy":"product_cat","embeddable":true,"href":"https:\/\/www.deporteseli.com\/index.php?rest_route=%2Fwp%2Fv2%2Fproduct_cat&post=39182"},{"taxonomy":"product_tag","embeddable":true,"href":"https:\/\/www.deporteseli.com\/index.php?rest_route=%2Fwp%2Fv2%2Fproduct_tag&post=39182"}],"curies":[{"name":"wp","href":"https:\/\/api.w.org\/{rel}","templated":true}]}}