{"id":39046,"date":"2026-01-27T18:22:45","date_gmt":"2026-01-27T18:22:45","guid":{"rendered":"https:\/\/www.deporteseli.com\/?product=wilson-junior-tennis-backpack"},"modified":"2026-01-27T18:22:46","modified_gmt":"2026-01-27T18:22:46","slug":"wilson-junior-tennis-backpack","status":"publish","type":"product","link":"https:\/\/www.deporteseli.com\/?product=wilson-junior-tennis-backpack","title":{"rendered":"WILSON JUNIOR TENNIS BACKPACK"},"content":{"rendered":"<p>Se trata de una traducci\u00f3n autom\u00e1tica por software:    La bolsa ideal y compacta que almacena cualquier cosa para los jugadores j\u00fanior que se dirigen a las canchas. Una excelente opci\u00f3n para los ni\u00f1os que andan en bicicleta o viajan al trabajo, la mochila Junior tiene dos compartimentos principales: uno que puede almacenar hasta 2 raquetas de tenis de tama\u00f1o completo y otro que contiene todo lo dem\u00e1s. Las correas acolchadas para los hombros brindan comodidad adicional en el camino a las canchas, y el lazo de cincha facilita colgarlo cuando se realiza la pr\u00e1ctica.    Reflejos    Capacidad de la raqueta: 2  Compartimento para raquetas: Almacena 2 raquetas de tama\u00f1o completo  Compartimento principal: contiene bolsillos interiores de malla que almacenan objetos personales como ropa, balones y otros equipos  Correas ajustables acolchadas.  Bucle de cincha para colgar  Compartimento completo para raquetas    El compartimento encierra completamente raquetas, equipo m\u00e1s grande y otros equipos.  Gran bolsillo para accesorios.    El bolsillo brinda espacio adicional para equipo, equipo y almacenamiento personal.  Correas de transporte superiores sobre el hombro    Las correas brindan la opci\u00f3n de llevar sobre el hombro o con un asa superior.  Cremalleras de bloqueo    Las cremalleras se unen para mantener seco el contenido de la bolsa y evitar derrames.                                                                                                                                                                                                                                                                                                                                                                                                                                                                                                                                                                                                                                                                                                                                                                                                                                                                                                                                                                                                                                        <\/p>\n","protected":false},"excerpt":{"rendered":"<p>WILSON JUNIOR TENNIS BACKPACK<\/p>\n","protected":false},"featured_media":53318,"template":"","meta":[],"product_brand":[],"product_cat":[355],"product_tag":[57],"class_list":{"0":"post-39046","1":"product","2":"type-product","3":"status-publish","4":"has-post-thumbnail","6":"product_cat-padel_y_tenis_mochilas","7":"product_tag-wilson","8":"pa_color-unico","9":"pa_talla-unica","10":"thunk-woo-product-list","11":"opn-qv-enable","12":"open-woo-hover-","13":"open-single-product-tab-horizontal","14":"open-shadow-","15":"open-shadow-hover-","17":"first","18":"instock","19":"sale","20":"shipping-taxable","21":"purchasable","22":"product-type-variable"},"jetpack_sharing_enabled":true,"_links":{"self":[{"href":"https:\/\/www.deporteseli.com\/index.php?rest_route=\/wp\/v2\/product\/39046","targetHints":{"allow":["GET"]}}],"collection":[{"href":"https:\/\/www.deporteseli.com\/index.php?rest_route=\/wp\/v2\/product"}],"about":[{"href":"https:\/\/www.deporteseli.com\/index.php?rest_route=\/wp\/v2\/types\/product"}],"wp:featuredmedia":[{"embeddable":true,"href":"https:\/\/www.deporteseli.com\/index.php?rest_route=\/wp\/v2\/media\/53318"}],"wp:attachment":[{"href":"https:\/\/www.deporteseli.com\/index.php?rest_route=%2Fwp%2Fv2%2Fmedia&parent=39046"}],"wp:term":[{"taxonomy":"product_brand","embeddable":true,"href":"https:\/\/www.deporteseli.com\/index.php?rest_route=%2Fwp%2Fv2%2Fproduct_brand&post=39046"},{"taxonomy":"product_cat","embeddable":true,"href":"https:\/\/www.deporteseli.com\/index.php?rest_route=%2Fwp%2Fv2%2Fproduct_cat&post=39046"},{"taxonomy":"product_tag","embeddable":true,"href":"https:\/\/www.deporteseli.com\/index.php?rest_route=%2Fwp%2Fv2%2Fproduct_tag&post=39046"}],"curies":[{"name":"wp","href":"https:\/\/api.w.org\/{rel}","templated":true}]}}