{"id":39044,"date":"2026-01-27T18:22:42","date_gmt":"2026-01-27T18:22:42","guid":{"rendered":"https:\/\/www.deporteseli.com\/?product=mochila-wilson-team"},"modified":"2026-01-27T18:22:44","modified_gmt":"2026-01-27T18:22:44","slug":"mochila-wilson-team","status":"publish","type":"product","link":"https:\/\/www.deporteseli.com\/?product=mochila-wilson-team","title":{"rendered":"MOCHILA WILSON TEAM"},"content":{"rendered":"<p>La nueva mochila Team, es ideal para tu uso diario, esta mochila puede ser una opci\u00f3n m\u00e1s c\u00f3moda (y vers\u00e1til) que una bolsa para raquetas. La mochila Team de Wilson es una opci\u00f3n compacta ideal para jugadores de que necesitan espacio para una o dos raquetas de tenis, muda de ropa y otros art\u00edculos de equipamiento. Utiliza los bolsillos deslizantes laterales para botellas de agua o botes de bolas.    Gran Bolsillo Para Accesorios.  El bolsillo funciona como espacio adicional para el equipo y almacenamiento personal.    Peque\u00f1o Bolsillo Para Accesorios  El bolsillo tiene espacio para guardar art\u00edculos y objetos personales peque\u00f1os.    Bolsillo Exterior Para Botella De Agua  Bolsillo lateral de malla para colocar c\u00f3modamente una botella de agua o una bebida deportiva.    Correas De Mochila  Correas de mochila acolchadas ajustables para un c\u00f3modo traslado.    Cremalleras De Bloqueo  Las cremalleras se bloquean juntas para mantener el contenido de la bolsa seco y libre de derrames.    Detalles    Capacidad para palas: 2    Compartimento parcial para palas: Guarda y asegura las cabezas de las palas con un compartimento parcial que cuenta con cremalleras de bloqueo.    Bolsillo exterior para botella de agua: Guarda tu botella de agua o bebida deportiva embotellada en un bolsillo exterior de malla.    Bolsillo grande para accesorios: Este gran bolsillo ofrece espacio adicional para el equipamiento, el material y los objetos personales.    Bolsillo peque\u00f1o para accesorios: En este bolsillo se pueden guardar objetos personales de valor de menor tama\u00f1o.    Correas para mochila: Consigue un transporte c\u00f3modo gracias a estas correas acolchadas para mochila que se pueden adaptar para ofrecer mayor comodidad y un mejor ajuste.    Cremalleras de cierre: Mant\u00e9n seco el contenido de tu bolsa y evita que se derramen tus pertenencias gracias a las cremalleras de cierre                                                                                                                                                                                                                                                                                                                                                                                                                                                                                                                                                                                                                                                                                                                                                                                                                                                                                                                                                                                                                                        <\/p>\n","protected":false},"excerpt":{"rendered":"<p>MOCHILA WILSON TEAM<\/p>\n","protected":false},"featured_media":53315,"template":"","meta":[],"product_brand":[],"product_cat":[355],"product_tag":[57],"class_list":{"0":"post-39044","1":"product","2":"type-product","3":"status-publish","4":"has-post-thumbnail","6":"product_cat-padel_y_tenis_mochilas","7":"product_tag-wilson","8":"pa_color-unico","9":"pa_talla-unica","10":"thunk-woo-product-list","11":"opn-qv-enable","12":"open-woo-hover-","13":"open-single-product-tab-horizontal","14":"open-shadow-","15":"open-shadow-hover-","17":"first","18":"instock","19":"sale","20":"shipping-taxable","21":"purchasable","22":"product-type-variable"},"jetpack_sharing_enabled":true,"_links":{"self":[{"href":"https:\/\/www.deporteseli.com\/index.php?rest_route=\/wp\/v2\/product\/39044","targetHints":{"allow":["GET"]}}],"collection":[{"href":"https:\/\/www.deporteseli.com\/index.php?rest_route=\/wp\/v2\/product"}],"about":[{"href":"https:\/\/www.deporteseli.com\/index.php?rest_route=\/wp\/v2\/types\/product"}],"wp:featuredmedia":[{"embeddable":true,"href":"https:\/\/www.deporteseli.com\/index.php?rest_route=\/wp\/v2\/media\/53315"}],"wp:attachment":[{"href":"https:\/\/www.deporteseli.com\/index.php?rest_route=%2Fwp%2Fv2%2Fmedia&parent=39044"}],"wp:term":[{"taxonomy":"product_brand","embeddable":true,"href":"https:\/\/www.deporteseli.com\/index.php?rest_route=%2Fwp%2Fv2%2Fproduct_brand&post=39044"},{"taxonomy":"product_cat","embeddable":true,"href":"https:\/\/www.deporteseli.com\/index.php?rest_route=%2Fwp%2Fv2%2Fproduct_cat&post=39044"},{"taxonomy":"product_tag","embeddable":true,"href":"https:\/\/www.deporteseli.com\/index.php?rest_route=%2Fwp%2Fv2%2Fproduct_tag&post=39044"}],"curies":[{"name":"wp","href":"https:\/\/api.w.org\/{rel}","templated":true}]}}