{"id":38993,"date":"2026-01-27T18:21:38","date_gmt":"2026-01-27T18:21:38","guid":{"rendered":"https:\/\/www.deporteseli.com\/?product=leggings-modern-sports-7-8"},"modified":"2026-03-07T05:30:29","modified_gmt":"2026-03-07T05:30:29","slug":"leggings-modern-sports-7-8","status":"publish","type":"product","link":"https:\/\/www.deporteseli.com\/?product=leggings-modern-sports-7-8","title":{"rendered":"LEGGINGS MODERN SPORTS 7\/8"},"content":{"rendered":"<p>El ep\u00edtome de la moda en cada detalle: estos leggings de la colecci\u00f3n MODERN SPORTS son el ep\u00edtome de la silueta aerodin\u00e1mica perfecta, gracias a una costura atrevida y figurada en la parte posterior y paneles din\u00e1micos en los laterales.    Detalles    Colecci\u00f3n: Primavera-Verano 2023  Estilo: Deportes  Tecnolog\u00edas: PILA SECA  Caracter\u00edsticas    Composici\u00f3n: 85 % poli\u00e9ster reciclado, 15 % elastano  dryCELL: tecnolog\u00eda innovadora dise\u00f1ada para absorber la humedad del cuerpo y proteger contra el sudor durante el ejercicio  Contenido reciclado: Fabricado con al menos un 50 % de material reciclado y representa un paso adelante hacia un futuro mejor  Bolsillo lateral  Costura rizada en la espalda  Logo PUMA Cat (termoimpreso) en la pierna izquierda  Pa\u00eds de origen: Vietnam                                                                                                                                                                                                                                                                                                                                                                                                                                                                                                                                                                                                                                                                                                                                                                                                                                                                                                                                                                                                                                        <\/p>\n","protected":false},"excerpt":{"rendered":"<p>LEGGINGS MODERN SPORTS 7\/8<\/p>\n","protected":false},"featured_media":53291,"template":"","meta":[],"product_brand":[],"product_cat":[281],"product_tag":[32],"class_list":{"0":"post-38993","1":"product","2":"type-product","3":"status-publish","4":"has-post-thumbnail","6":"product_cat-mujer_textil_mallas","7":"product_tag-puma","8":"pa_color-unico","9":"pa_talla-l","10":"thunk-woo-product-list","11":"opn-qv-enable","12":"open-woo-hover-","13":"open-single-product-tab-horizontal","14":"open-shadow-","15":"open-shadow-hover-","17":"first","18":"instock","19":"shipping-taxable","20":"purchasable","21":"product-type-variable"},"jetpack_sharing_enabled":true,"_links":{"self":[{"href":"https:\/\/www.deporteseli.com\/index.php?rest_route=\/wp\/v2\/product\/38993","targetHints":{"allow":["GET"]}}],"collection":[{"href":"https:\/\/www.deporteseli.com\/index.php?rest_route=\/wp\/v2\/product"}],"about":[{"href":"https:\/\/www.deporteseli.com\/index.php?rest_route=\/wp\/v2\/types\/product"}],"wp:featuredmedia":[{"embeddable":true,"href":"https:\/\/www.deporteseli.com\/index.php?rest_route=\/wp\/v2\/media\/53291"}],"wp:attachment":[{"href":"https:\/\/www.deporteseli.com\/index.php?rest_route=%2Fwp%2Fv2%2Fmedia&parent=38993"}],"wp:term":[{"taxonomy":"product_brand","embeddable":true,"href":"https:\/\/www.deporteseli.com\/index.php?rest_route=%2Fwp%2Fv2%2Fproduct_brand&post=38993"},{"taxonomy":"product_cat","embeddable":true,"href":"https:\/\/www.deporteseli.com\/index.php?rest_route=%2Fwp%2Fv2%2Fproduct_cat&post=38993"},{"taxonomy":"product_tag","embeddable":true,"href":"https:\/\/www.deporteseli.com\/index.php?rest_route=%2Fwp%2Fv2%2Fproduct_tag&post=38993"}],"curies":[{"name":"wp","href":"https:\/\/api.w.org\/{rel}","templated":true}]}}