{"id":38991,"date":"2026-01-27T18:21:35","date_gmt":"2026-01-27T18:21:35","guid":{"rendered":"https:\/\/www.deporteseli.com\/?product=zapatilla-tracerocker-2-0-gore-tex-trail-runn"},"modified":"2026-01-27T18:21:37","modified_gmt":"2026-01-27T18:21:37","slug":"zapatilla-tracerocker-2-0-gore-tex-trail-runn","status":"publish","type":"product","link":"https:\/\/www.deporteseli.com\/?product=zapatilla-tracerocker-2-0-gore-tex-trail-runn","title":{"rendered":"ZAPATILLA TRACEROCKER 2.0 GORE-TEX TRAIL RUNN"},"content":{"rendered":"<p>ERES IMPARABLE  Sal a correr m\u00e1s all\u00e1 del asfalto. Esta zapatilla de trail running adidas te ofrece la m\u00e1xima adherencia en terrenos rocosos, h\u00famedos e inestables. La membrana transpirable GORE-TEX mantiene los pies secos y c\u00f3modos en condiciones de lluvia y humedad. Los refuerzos espec\u00edficos brindan mayor resistencia en las zonas de mayor desgaste y la mediasuela ligera garantiza una zancada m\u00e1s c\u00f3moda. La suela estriada Traxion te proporciona una tracci\u00f3n excelente en todas las direcciones.  Dise\u00f1o ajustado y flexible  Cierre de cordones  Parte superior de malla perforada con refuerzos sint\u00e9ticos para una mayor resistencia al desgaste  Membrana GORE-TEX  Refuerzo protector en la mediasuela contra rocas y piedras  Mediasuela de EVA ligera  Peso: 300 g (talla 42 2\/3)  Drop: 7 mm (tal\u00f3n: 24 mm \/ antepi\u00e9: 17 mm)  Suela TRAXION  La parte superior contiene al menos un 50% de material reciclado  Color del art\u00edculo: Core Black \/ Grey Five \/ Grey Six  N\u00famero de art\u00edculo: GZ8909                                                                                                                                                                                                                                                                                                                                                                                                                                                                                                                                                                                                                                                                                                                                                                                                                                                                                                                                                                                                                                        <\/p>\n","protected":false},"excerpt":{"rendered":"<p>ZAPATILLA TRACEROCKER 2.0 GORE-TEX TRAIL RUNN<\/p>\n","protected":false},"featured_media":53287,"template":"","meta":[],"product_brand":[],"product_cat":[260],"product_tag":[18],"class_list":{"0":"post-38991","1":"product","2":"type-product","3":"status-publish","4":"has-post-thumbnail","6":"product_cat-hombre_calzado_trail","7":"product_tag-adidas","8":"pa_color-unico","9":"pa_talla-44-5","10":"thunk-woo-product-list","11":"opn-qv-enable","12":"open-woo-hover-","13":"open-single-product-tab-horizontal","14":"open-shadow-","15":"open-shadow-hover-","17":"first","18":"instock","19":"sale","20":"shipping-taxable","21":"purchasable","22":"product-type-variable"},"jetpack_sharing_enabled":true,"_links":{"self":[{"href":"https:\/\/www.deporteseli.com\/index.php?rest_route=\/wp\/v2\/product\/38991","targetHints":{"allow":["GET"]}}],"collection":[{"href":"https:\/\/www.deporteseli.com\/index.php?rest_route=\/wp\/v2\/product"}],"about":[{"href":"https:\/\/www.deporteseli.com\/index.php?rest_route=\/wp\/v2\/types\/product"}],"wp:featuredmedia":[{"embeddable":true,"href":"https:\/\/www.deporteseli.com\/index.php?rest_route=\/wp\/v2\/media\/53287"}],"wp:attachment":[{"href":"https:\/\/www.deporteseli.com\/index.php?rest_route=%2Fwp%2Fv2%2Fmedia&parent=38991"}],"wp:term":[{"taxonomy":"product_brand","embeddable":true,"href":"https:\/\/www.deporteseli.com\/index.php?rest_route=%2Fwp%2Fv2%2Fproduct_brand&post=38991"},{"taxonomy":"product_cat","embeddable":true,"href":"https:\/\/www.deporteseli.com\/index.php?rest_route=%2Fwp%2Fv2%2Fproduct_cat&post=38991"},{"taxonomy":"product_tag","embeddable":true,"href":"https:\/\/www.deporteseli.com\/index.php?rest_route=%2Fwp%2Fv2%2Fproduct_tag&post=38991"}],"curies":[{"name":"wp","href":"https:\/\/api.w.org\/{rel}","templated":true}]}}