{"id":38989,"date":"2026-01-27T18:21:32","date_gmt":"2026-01-27T18:21:32","guid":{"rendered":"https:\/\/www.deporteseli.com\/?product=legging-7-8-mujer-adidas-techfit-brand-love"},"modified":"2026-03-07T05:30:27","modified_gmt":"2026-03-07T05:30:27","slug":"legging-7-8-mujer-adidas-techfit-brand-love","status":"publish","type":"product","link":"https:\/\/www.deporteseli.com\/?product=legging-7-8-mujer-adidas-techfit-brand-love","title":{"rendered":"LEGGING 7\/8 MUJER ADIDAS TECHFIT BRAND LOVE"},"content":{"rendered":"<p>Legging 7\/8 mujer adidas Techfit Brand Love  Utilizadas como capa base o solas, estas mallas adidas ofrecen sujeci\u00f3n para el gimnasio y m\u00e1s all\u00e1. Techfit te proporciona compresi\u00f3n y comodidad como una segunda piel que dura todo el d\u00eda. La cintura alta en V es plana y acompa\u00f1a tus movimientos. AEROREADY absorbe la humedad para mantenerte seco. Fabricado con una gama de materiales reciclados, de los que al menos el 70% son reciclados, este producto es s\u00f3lo una de las soluciones que ofrecemos para acabar con los residuos pl\u00e1sticos. Corte entallado                                                                                                                                                                                                                                                                                                                                                                                                                                                                                                                                                                                                                                                                                                                                                                                                                                                                                                                                                                                                                                        <\/p>\n","protected":false},"excerpt":{"rendered":"<p>LEGGING 7\/8 MUJER ADIDAS TECHFIT BRAND LOVE<\/p>\n","protected":false},"featured_media":53282,"template":"","meta":[],"product_brand":[],"product_cat":[281],"product_tag":[18],"class_list":{"0":"post-38989","1":"product","2":"type-product","3":"status-publish","4":"has-post-thumbnail","6":"product_cat-mujer_textil_mallas","7":"product_tag-adidas","8":"pa_color-unico","9":"pa_talla-m","10":"pa_talla-xs","11":"thunk-woo-product-list","12":"opn-qv-enable","13":"open-woo-hover-","14":"open-single-product-tab-horizontal","15":"open-shadow-","16":"open-shadow-hover-","18":"first","19":"instock","20":"shipping-taxable","21":"purchasable","22":"product-type-variable"},"jetpack_sharing_enabled":true,"_links":{"self":[{"href":"https:\/\/www.deporteseli.com\/index.php?rest_route=\/wp\/v2\/product\/38989","targetHints":{"allow":["GET"]}}],"collection":[{"href":"https:\/\/www.deporteseli.com\/index.php?rest_route=\/wp\/v2\/product"}],"about":[{"href":"https:\/\/www.deporteseli.com\/index.php?rest_route=\/wp\/v2\/types\/product"}],"wp:featuredmedia":[{"embeddable":true,"href":"https:\/\/www.deporteseli.com\/index.php?rest_route=\/wp\/v2\/media\/53282"}],"wp:attachment":[{"href":"https:\/\/www.deporteseli.com\/index.php?rest_route=%2Fwp%2Fv2%2Fmedia&parent=38989"}],"wp:term":[{"taxonomy":"product_brand","embeddable":true,"href":"https:\/\/www.deporteseli.com\/index.php?rest_route=%2Fwp%2Fv2%2Fproduct_brand&post=38989"},{"taxonomy":"product_cat","embeddable":true,"href":"https:\/\/www.deporteseli.com\/index.php?rest_route=%2Fwp%2Fv2%2Fproduct_cat&post=38989"},{"taxonomy":"product_tag","embeddable":true,"href":"https:\/\/www.deporteseli.com\/index.php?rest_route=%2Fwp%2Fv2%2Fproduct_tag&post=38989"}],"curies":[{"name":"wp","href":"https:\/\/api.w.org\/{rel}","templated":true}]}}