{"id":38984,"date":"2026-01-27T18:21:26","date_gmt":"2026-01-27T18:21:26","guid":{"rendered":"https:\/\/www.deporteseli.com\/?product=banador-adidas-ic7698"},"modified":"2026-03-07T05:30:24","modified_gmt":"2026-03-07T05:30:24","slug":"banador-adidas-ic7698","status":"publish","type":"product","link":"https:\/\/www.deporteseli.com\/?product=banador-adidas-ic7698","title":{"rendered":"BA\u00f1ADOR ADIDAS IC7698"},"content":{"rendered":"<p>Ba\u00f1ador Colorblock.  Perfecto para llevarlo siempre en la mochila de la playa. Este ba\u00f1ador adidas para peque\u00f1os nadadores presenta un dise\u00f1o ligero con un calzoncillo interior de malla que favorece la ventilaci\u00f3n. La cintura el\u00e1stica cuenta con un cord\u00f3n interior para ofrecerle un ajuste a medida. Este producto se ha fabricado con un 100% de material reciclado. Su objetivo es plantear otra soluci\u00f3n m\u00e1s que ayude a eliminar los residuos pl\u00e1sticos.  Estilo y comodidad en el agua. Corte cl\u00e1sico. Cintura el\u00e1stica con cord\u00f3n interior. Calzoncillo interior de malla. Bolsillo trasero con cierre ajustable. Dise\u00f1o con bloques de color. Exterior: tejido t\u00e9cnico 100% poli\u00e9ster reciclado.                                                                                                                                                                                                                                                                                                                                                                                                                                                                                                                                                                                                                                                                                                                                                                                                                                                                                                                                                                                                                                        <\/p>\n","protected":false},"excerpt":{"rendered":"<p>BA\u00f1ADOR ADIDAS IC7698<\/p>\n","protected":false},"featured_media":53279,"template":"","meta":[],"product_brand":[],"product_cat":[306],"product_tag":[18],"class_list":{"0":"post-38984","1":"product","2":"type-product","3":"status-publish","4":"has-post-thumbnail","6":"product_cat-nino_textil_banadores","7":"product_tag-adidas","8":"pa_color-unico","9":"pa_talla-t-10","10":"pa_talla-t-12","11":"pa_talla-t-14","12":"pa_talla-t-8","13":"thunk-woo-product-list","14":"opn-qv-enable","15":"open-woo-hover-","16":"open-single-product-tab-horizontal","17":"open-shadow-","18":"open-shadow-hover-","20":"first","21":"instock","22":"shipping-taxable","23":"purchasable","24":"product-type-variable"},"jetpack_sharing_enabled":true,"_links":{"self":[{"href":"https:\/\/www.deporteseli.com\/index.php?rest_route=\/wp\/v2\/product\/38984","targetHints":{"allow":["GET"]}}],"collection":[{"href":"https:\/\/www.deporteseli.com\/index.php?rest_route=\/wp\/v2\/product"}],"about":[{"href":"https:\/\/www.deporteseli.com\/index.php?rest_route=\/wp\/v2\/types\/product"}],"wp:featuredmedia":[{"embeddable":true,"href":"https:\/\/www.deporteseli.com\/index.php?rest_route=\/wp\/v2\/media\/53279"}],"wp:attachment":[{"href":"https:\/\/www.deporteseli.com\/index.php?rest_route=%2Fwp%2Fv2%2Fmedia&parent=38984"}],"wp:term":[{"taxonomy":"product_brand","embeddable":true,"href":"https:\/\/www.deporteseli.com\/index.php?rest_route=%2Fwp%2Fv2%2Fproduct_brand&post=38984"},{"taxonomy":"product_cat","embeddable":true,"href":"https:\/\/www.deporteseli.com\/index.php?rest_route=%2Fwp%2Fv2%2Fproduct_cat&post=38984"},{"taxonomy":"product_tag","embeddable":true,"href":"https:\/\/www.deporteseli.com\/index.php?rest_route=%2Fwp%2Fv2%2Fproduct_tag&post=38984"}],"curies":[{"name":"wp","href":"https:\/\/api.w.org\/{rel}","templated":true}]}}