{"id":38968,"date":"2026-01-27T18:20:59","date_gmt":"2026-01-27T18:20:59","guid":{"rendered":"https:\/\/www.deporteseli.com\/?product=shorts-deportivos-essentials-juveniles"},"modified":"2026-03-07T05:30:17","modified_gmt":"2026-03-07T05:30:17","slug":"shorts-deportivos-essentials-juveniles","status":"publish","type":"product","link":"https:\/\/www.deporteseli.com\/?product=shorts-deportivos-essentials-juveniles","title":{"rendered":"SHORTS DEPORTIVOS ESSENTIALS JUVENILES"},"content":{"rendered":"<p>HISTORIA DEL PRODUCTO  Prep\u00e1rate para el verano con estos pr\u00e1cticos shorts. No solo son una ganancia de estilo para cualquier armario, sino que tambi\u00e9n est\u00e1n hechos con fibras recicladas y la soluci\u00f3n para ahorrar agua de PUMA, para que puedas salir a las calles con una conciencia ecol\u00f3gica tranquila.      CARACTER\u00cdSTICAS   BENEFICIOS  Material reciclado: Fabricado con al menos un 20% de material reciclado como un paso hacia un mejor futuro  DETALLES  Corte normal  Bolsillos laterales  Cinturilla el\u00e1stica con cord\u00f3n interior para un confort personalizado  Logotipo PUMA N.\u00ba 1 en la pierna izquierda  Algod\u00f3n y poli\u00e9ster reciclado  Composici\u00f3n  Exterior: 68% Algod\u00f3n, 32% Poli\u00e9ster  Instrucciones de lavado  Utilizar Detergente Especial Para Prendas De Color  Lavar Con Colores Similares  No limpiar en seco  Lavar Y Planchar La Prenda Por El Lado Del Rev\u00e9s                                                                                                                                                                                                                                                                                                                                                                                                                                                                                                                                                                                                                                                                                                                                                                                                                                                                                                                                                                                                                                        <\/p>\n","protected":false},"excerpt":{"rendered":"<p>SHORTS DEPORTIVOS ESSENTIALS JUVENILES<\/p>\n","protected":false},"featured_media":53262,"template":"","meta":[],"product_brand":[],"product_cat":[299],"product_tag":[32],"class_list":{"0":"post-38968","1":"product","2":"type-product","3":"status-publish","4":"has-post-thumbnail","6":"product_cat-nino_textil_bermudas","7":"product_tag-puma","8":"pa_color-unico","9":"pa_talla-t-10","10":"pa_talla-t-12","11":"pa_talla-t-14","12":"pa_talla-t-16","13":"thunk-woo-product-list","14":"opn-qv-enable","15":"open-woo-hover-","16":"open-single-product-tab-horizontal","17":"open-shadow-","18":"open-shadow-hover-","20":"first","21":"instock","22":"shipping-taxable","23":"purchasable","24":"product-type-variable"},"jetpack_sharing_enabled":true,"_links":{"self":[{"href":"https:\/\/www.deporteseli.com\/index.php?rest_route=\/wp\/v2\/product\/38968","targetHints":{"allow":["GET"]}}],"collection":[{"href":"https:\/\/www.deporteseli.com\/index.php?rest_route=\/wp\/v2\/product"}],"about":[{"href":"https:\/\/www.deporteseli.com\/index.php?rest_route=\/wp\/v2\/types\/product"}],"wp:featuredmedia":[{"embeddable":true,"href":"https:\/\/www.deporteseli.com\/index.php?rest_route=\/wp\/v2\/media\/53262"}],"wp:attachment":[{"href":"https:\/\/www.deporteseli.com\/index.php?rest_route=%2Fwp%2Fv2%2Fmedia&parent=38968"}],"wp:term":[{"taxonomy":"product_brand","embeddable":true,"href":"https:\/\/www.deporteseli.com\/index.php?rest_route=%2Fwp%2Fv2%2Fproduct_brand&post=38968"},{"taxonomy":"product_cat","embeddable":true,"href":"https:\/\/www.deporteseli.com\/index.php?rest_route=%2Fwp%2Fv2%2Fproduct_cat&post=38968"},{"taxonomy":"product_tag","embeddable":true,"href":"https:\/\/www.deporteseli.com\/index.php?rest_route=%2Fwp%2Fv2%2Fproduct_tag&post=38968"}],"curies":[{"name":"wp","href":"https:\/\/api.w.org\/{rel}","templated":true}]}}