{"id":38965,"date":"2026-01-27T18:20:55","date_gmt":"2026-01-27T18:20:55","guid":{"rendered":"https:\/\/www.deporteseli.com\/?product=camiseta-sin-mangas-para-mujer"},"modified":"2026-03-07T05:30:11","modified_gmt":"2026-03-07T05:30:11","slug":"camiseta-sin-mangas-para-mujer","status":"publish","type":"product","link":"https:\/\/www.deporteseli.com\/?product=camiseta-sin-mangas-para-mujer","title":{"rendered":"CAMISETA SIN MANGAS PARA MUJER"},"content":{"rendered":"<p>HISTORIA DEL PRODUCTO  Luce los brazos con esta camiseta sin mangas, concebida para mujeres fuertes y con estilo. Parte de la gama PUMA Essentials, esta camiseta presenta un corte holgado, sisas pronunciadas y un logotipo cl\u00e1sico en el pecho.      CARACTER\u00cdSTICAS   BENEFICIOS  BCI: Al comprar productos de algod\u00f3n de PUMA, apoyas una producci\u00f3n m\u00e1s sostenible de algod\u00f3n mediante la Iniciativa del Mejor Algod\u00f3n (Better Cotton Initiative). M\u00e1s informaci\u00f3n en: bettercotton.org\/massbalance  DETALLES  Corte holgado  Logotipo PUMA N.\u00ba 1 en el pecho  Algod\u00f3n 100 %  Composici\u00f3n  Acanalado: 80% Algod\u00f3n, 20% Poli\u00e9ster  Exterior: 100% Algod\u00f3n  Instrucciones de lavado  No Planchar Los Accesorios  Utilizar Detergente Especial Para Prendas De Color  No limpiar en seco  Lavar Y Planchar La Prenda Por El Lado Del Rev\u00e9s                                                                                                                                                                                                                                                                                                                                                                                                                                                                                                                                                                                                                                                                                                                                                                                                                                                                                                                                                                                                                                        <\/p>\n","protected":false},"excerpt":{"rendered":"<p>CAMISETA SIN MANGAS PARA MUJER<\/p>\n","protected":false},"featured_media":53258,"template":"","meta":[],"product_brand":[],"product_cat":[269],"product_tag":[32],"class_list":{"0":"post-38965","1":"product","2":"type-product","3":"status-publish","4":"has-post-thumbnail","6":"product_cat-mujer_textil_camisetas","7":"product_tag-puma","8":"pa_color-unico","9":"pa_talla-m","10":"pa_talla-s","11":"thunk-woo-product-list","12":"opn-qv-enable","13":"open-woo-hover-","14":"open-single-product-tab-horizontal","15":"open-shadow-","16":"open-shadow-hover-","18":"first","19":"instock","20":"shipping-taxable","21":"purchasable","22":"product-type-variable"},"jetpack_sharing_enabled":true,"_links":{"self":[{"href":"https:\/\/www.deporteseli.com\/index.php?rest_route=\/wp\/v2\/product\/38965","targetHints":{"allow":["GET"]}}],"collection":[{"href":"https:\/\/www.deporteseli.com\/index.php?rest_route=\/wp\/v2\/product"}],"about":[{"href":"https:\/\/www.deporteseli.com\/index.php?rest_route=\/wp\/v2\/types\/product"}],"wp:featuredmedia":[{"embeddable":true,"href":"https:\/\/www.deporteseli.com\/index.php?rest_route=\/wp\/v2\/media\/53258"}],"wp:attachment":[{"href":"https:\/\/www.deporteseli.com\/index.php?rest_route=%2Fwp%2Fv2%2Fmedia&parent=38965"}],"wp:term":[{"taxonomy":"product_brand","embeddable":true,"href":"https:\/\/www.deporteseli.com\/index.php?rest_route=%2Fwp%2Fv2%2Fproduct_brand&post=38965"},{"taxonomy":"product_cat","embeddable":true,"href":"https:\/\/www.deporteseli.com\/index.php?rest_route=%2Fwp%2Fv2%2Fproduct_cat&post=38965"},{"taxonomy":"product_tag","embeddable":true,"href":"https:\/\/www.deporteseli.com\/index.php?rest_route=%2Fwp%2Fv2%2Fproduct_tag&post=38965"}],"curies":[{"name":"wp","href":"https:\/\/api.w.org\/{rel}","templated":true}]}}