{"id":38905,"date":"2026-01-27T18:19:24","date_gmt":"2026-01-27T18:19:24","guid":{"rendered":"https:\/\/www.deporteseli.com\/?product=leggings-para-mujer-puma-power"},"modified":"2026-03-15T05:18:43","modified_gmt":"2026-03-15T05:18:43","slug":"leggings-para-mujer-puma-power","status":"publish","type":"product","link":"https:\/\/www.deporteseli.com\/?product=leggings-para-mujer-puma-power","title":{"rendered":"LEGGINGS PARA MUJER PUMA POWER"},"content":{"rendered":"<p>HISTORIA DEL PRODUCTO  Hemos a\u00f1adido un toque de estilo a los modelos deportivos cl\u00e1sicos de nuestra colecci\u00f3n PUMA POWER. Estos leggings de corte flexible con perfectos para tu armario de ropa urbana.      CARACTER\u00cdSTICAS   BENEFICIOS  Algod\u00f3n: El algod\u00f3n de los productos PUMA procede de plantaciones que aplican los principios de la agricultura sostenible, como la eficiencia h\u00eddrica y la protecci\u00f3n de la salud del suelo. M\u00e1s informaci\u00f3n: https:\/\/about.puma.com\/forever-better  DETALLES  Corte ce\u00f1ido  Logotipo PUMA n.\u00ba 1 en el muslo izquierdo  Cinta con la marca PUMA en los laterales  Composici\u00f3n  Exterior: 95% Algod\u00f3n, 5% Elastano                                                                                                                                                                                                                                                                                                                                                                                                                                                                                                                                                                                                                                                                                                                                                                                                                                                                                                                                                                                                                                        <\/p>\n","protected":false},"excerpt":{"rendered":"<p>LEGGINGS PARA MUJER PUMA POWER<\/p>\n","protected":false},"featured_media":53237,"template":"","meta":[],"product_brand":[],"product_cat":[281],"product_tag":[32],"class_list":{"0":"post-38905","1":"product","2":"type-product","3":"status-publish","4":"has-post-thumbnail","6":"product_cat-mujer_textil_mallas","7":"product_tag-puma","8":"pa_color-unico","9":"pa_talla-l","10":"pa_talla-m","11":"pa_talla-s","12":"thunk-woo-product-list","13":"opn-qv-enable","14":"open-woo-hover-","15":"open-single-product-tab-horizontal","16":"open-shadow-","17":"open-shadow-hover-","19":"first","20":"instock","21":"shipping-taxable","22":"purchasable","23":"product-type-variable"},"jetpack_sharing_enabled":true,"_links":{"self":[{"href":"https:\/\/www.deporteseli.com\/index.php?rest_route=\/wp\/v2\/product\/38905","targetHints":{"allow":["GET"]}}],"collection":[{"href":"https:\/\/www.deporteseli.com\/index.php?rest_route=\/wp\/v2\/product"}],"about":[{"href":"https:\/\/www.deporteseli.com\/index.php?rest_route=\/wp\/v2\/types\/product"}],"wp:featuredmedia":[{"embeddable":true,"href":"https:\/\/www.deporteseli.com\/index.php?rest_route=\/wp\/v2\/media\/53237"}],"wp:attachment":[{"href":"https:\/\/www.deporteseli.com\/index.php?rest_route=%2Fwp%2Fv2%2Fmedia&parent=38905"}],"wp:term":[{"taxonomy":"product_brand","embeddable":true,"href":"https:\/\/www.deporteseli.com\/index.php?rest_route=%2Fwp%2Fv2%2Fproduct_brand&post=38905"},{"taxonomy":"product_cat","embeddable":true,"href":"https:\/\/www.deporteseli.com\/index.php?rest_route=%2Fwp%2Fv2%2Fproduct_cat&post=38905"},{"taxonomy":"product_tag","embeddable":true,"href":"https:\/\/www.deporteseli.com\/index.php?rest_route=%2Fwp%2Fv2%2Fproduct_tag&post=38905"}],"curies":[{"name":"wp","href":"https:\/\/api.w.org\/{rel}","templated":true}]}}