{"id":38901,"date":"2026-01-27T18:19:18","date_gmt":"2026-01-27T18:19:18","guid":{"rendered":"https:\/\/www.deporteseli.com\/?product=leggings-de-nina-puma-essentials"},"modified":"2026-03-07T05:29:24","modified_gmt":"2026-03-07T05:29:24","slug":"leggings-de-nina-puma-essentials","status":"publish","type":"product","link":"https:\/\/www.deporteseli.com\/?product=leggings-de-nina-puma-essentials","title":{"rendered":"LEGGINGS DE NI\u00f1A PUMA ESSENTIALS"},"content":{"rendered":"<p>Ropa deportiva que captura la belleza del arte callejero, se ajusta perfectamente y le da una gran comodidad.     Los leggings impresos cuentan con impresionantes impresiones gr\u00e1ficas completas en un dise\u00f1o \u00e1gil.     Con el logotipo PUMA No. 1 en su pierna izquierda, te ver\u00e1s genial y te sentir\u00e1s genial al mismo tiempo.        &#8211; Algod\u00f3n: El algod\u00f3n en los productos PUMA proviene de granjas que se centran en pr\u00e1cticas agr\u00edcolas sostenibles, como la eficiencia del agua y la protecci\u00f3n del suelo.     &#8211; Corte ajustado     &#8211; Cintura el\u00e1stica     &#8211; Imprima todo el gr\u00e1fico.     &#8211; Logotipo de PUMA No. 1 en la pierna izquierda    &#8211; 95% algod\u00f3n y 5% elast\u00e1n                                                                                                                                                                                                                                                                                                                                                                                                                                                                                                                                                                                                                                                                                                                                                                                                                                                                                                                                                                                                                                        <\/p>\n","protected":false},"excerpt":{"rendered":"<p>LEGGINGS DE NI\u00f1A PUMA ESSENTIALS<\/p>\n","protected":false},"featured_media":53233,"template":"","meta":[],"product_brand":[],"product_cat":[386],"product_tag":[32],"class_list":{"0":"post-38901","1":"product","2":"type-product","3":"status-publish","4":"has-post-thumbnail","6":"product_cat-ninas_textil_mallas","7":"product_tag-puma","8":"pa_color-unico","9":"pa_talla-t-12","10":"pa_talla-t-14","11":"pa_talla-t-16","12":"thunk-woo-product-list","13":"opn-qv-enable","14":"open-woo-hover-","15":"open-single-product-tab-horizontal","16":"open-shadow-","17":"open-shadow-hover-","19":"first","20":"instock","21":"shipping-taxable","22":"purchasable","23":"product-type-variable"},"jetpack_sharing_enabled":true,"_links":{"self":[{"href":"https:\/\/www.deporteseli.com\/index.php?rest_route=\/wp\/v2\/product\/38901","targetHints":{"allow":["GET"]}}],"collection":[{"href":"https:\/\/www.deporteseli.com\/index.php?rest_route=\/wp\/v2\/product"}],"about":[{"href":"https:\/\/www.deporteseli.com\/index.php?rest_route=\/wp\/v2\/types\/product"}],"wp:featuredmedia":[{"embeddable":true,"href":"https:\/\/www.deporteseli.com\/index.php?rest_route=\/wp\/v2\/media\/53233"}],"wp:attachment":[{"href":"https:\/\/www.deporteseli.com\/index.php?rest_route=%2Fwp%2Fv2%2Fmedia&parent=38901"}],"wp:term":[{"taxonomy":"product_brand","embeddable":true,"href":"https:\/\/www.deporteseli.com\/index.php?rest_route=%2Fwp%2Fv2%2Fproduct_brand&post=38901"},{"taxonomy":"product_cat","embeddable":true,"href":"https:\/\/www.deporteseli.com\/index.php?rest_route=%2Fwp%2Fv2%2Fproduct_cat&post=38901"},{"taxonomy":"product_tag","embeddable":true,"href":"https:\/\/www.deporteseli.com\/index.php?rest_route=%2Fwp%2Fv2%2Fproduct_tag&post=38901"}],"curies":[{"name":"wp","href":"https:\/\/api.w.org\/{rel}","templated":true}]}}