{"id":38877,"date":"2026-01-27T18:18:46","date_gmt":"2026-01-27T18:18:46","guid":{"rendered":"https:\/\/www.deporteseli.com\/?product=logo-camiseta-verde-586960-37"},"modified":"2026-03-07T05:28:58","modified_gmt":"2026-03-07T05:28:58","slug":"logo-camiseta-verde-586960-37","status":"publish","type":"product","link":"https:\/\/www.deporteseli.com\/?product=logo-camiseta-verde-586960-37","title":{"rendered":"LOGO CAMISETA VERDE 586960 37"},"content":{"rendered":"<p>Puma Footwear Ess Logo Tee Green 586960 37. Camisetas de la marca Puma para adolescentes y ni\u00f1os. La camiseta est\u00e1 hecha de algod\u00f3n de la m\u00e1s alta calidad, gracias a lo cual la camiseta es extremadamente c\u00f3moda y agradable de llevar. La camiseta est\u00e1 decorada con el logo de la marca Puma.  Composici\u00f3n: 100% algod\u00f3n  Color: Verde                                                                                                                                                                                                                                                                                                                                                                                                                                                                                                                                                                                                                                                                                                                                                                                                                                                                                                                                                                                                                                        <\/p>\n","protected":false},"excerpt":{"rendered":"<p>LOGO CAMISETA VERDE 586960 37<\/p>\n","protected":false},"featured_media":53225,"template":"","meta":[],"product_brand":[],"product_cat":[296],"product_tag":[32],"class_list":{"0":"post-38877","1":"product","2":"type-product","3":"status-publish","4":"has-post-thumbnail","6":"product_cat-nino_textil_camisetas","7":"product_tag-puma","8":"pa_color-unico","9":"pa_talla-t-4","10":"pa_talla-t-8","11":"thunk-woo-product-list","12":"opn-qv-enable","13":"open-woo-hover-","14":"open-single-product-tab-horizontal","15":"open-shadow-","16":"open-shadow-hover-","18":"first","19":"instock","20":"shipping-taxable","21":"purchasable","22":"product-type-variable"},"jetpack_sharing_enabled":true,"_links":{"self":[{"href":"https:\/\/www.deporteseli.com\/index.php?rest_route=\/wp\/v2\/product\/38877","targetHints":{"allow":["GET"]}}],"collection":[{"href":"https:\/\/www.deporteseli.com\/index.php?rest_route=\/wp\/v2\/product"}],"about":[{"href":"https:\/\/www.deporteseli.com\/index.php?rest_route=\/wp\/v2\/types\/product"}],"wp:featuredmedia":[{"embeddable":true,"href":"https:\/\/www.deporteseli.com\/index.php?rest_route=\/wp\/v2\/media\/53225"}],"wp:attachment":[{"href":"https:\/\/www.deporteseli.com\/index.php?rest_route=%2Fwp%2Fv2%2Fmedia&parent=38877"}],"wp:term":[{"taxonomy":"product_brand","embeddable":true,"href":"https:\/\/www.deporteseli.com\/index.php?rest_route=%2Fwp%2Fv2%2Fproduct_brand&post=38877"},{"taxonomy":"product_cat","embeddable":true,"href":"https:\/\/www.deporteseli.com\/index.php?rest_route=%2Fwp%2Fv2%2Fproduct_cat&post=38877"},{"taxonomy":"product_tag","embeddable":true,"href":"https:\/\/www.deporteseli.com\/index.php?rest_route=%2Fwp%2Fv2%2Fproduct_tag&post=38877"}],"curies":[{"name":"wp","href":"https:\/\/api.w.org\/{rel}","templated":true}]}}