{"id":38870,"date":"2026-01-27T18:18:37","date_gmt":"2026-01-27T18:18:37","guid":{"rendered":"https:\/\/www.deporteseli.com\/?product=leggings-puma-essentials"},"modified":"2026-03-07T05:28:51","modified_gmt":"2026-03-07T05:28:51","slug":"leggings-puma-essentials","status":"publish","type":"product","link":"https:\/\/www.deporteseli.com\/?product=leggings-puma-essentials","title":{"rendered":"LEGGINGS PUMA ESSENTIALS"},"content":{"rendered":"<p>Leggings Puma Essentials para ni\u00f1os  Larga vida a la revoluci\u00f3n del confort. Nada m\u00e1s c\u00f3modo para los d\u00edas de relax que estos leggings Puma. M\u00e1s all\u00e1 de la comodidad, estos leggings a\u00f1aden un estilo extra con un dise\u00f1o asim\u00e9trico y detalles de estampado animal.      Caracter\u00edsticas  \u2022 Composici\u00f3n: 95 % algod\u00f3n \/ 5 % elastano    \u2022 Ajuste apretado    \u2022 Cintura el\u00e1stica      Detalles adicionales  \u2022 Detalles de estampado animal    \u2022 Logotipo de Puma    \u2022 Color: Negro                                                                                                                                                                                                                                                                                                                                                                                                                                                                                                                                                                                                                                                                                                                                                                                                                                                                                                                                                                                                                                        <\/p>\n","protected":false},"excerpt":{"rendered":"<p>LEGGINGS PUMA ESSENTIALS<\/p>\n","protected":false},"featured_media":53218,"template":"","meta":[],"product_brand":[],"product_cat":[386],"product_tag":[32],"class_list":{"0":"post-38870","1":"product","2":"type-product","3":"status-publish","4":"has-post-thumbnail","6":"product_cat-ninas_textil_mallas","7":"product_tag-puma","8":"pa_color-unico","9":"pa_talla-t-14","10":"pa_talla-t-16","11":"thunk-woo-product-list","12":"opn-qv-enable","13":"open-woo-hover-","14":"open-single-product-tab-horizontal","15":"open-shadow-","16":"open-shadow-hover-","18":"first","19":"instock","20":"shipping-taxable","21":"purchasable","22":"product-type-variable"},"jetpack_sharing_enabled":true,"_links":{"self":[{"href":"https:\/\/www.deporteseli.com\/index.php?rest_route=\/wp\/v2\/product\/38870","targetHints":{"allow":["GET"]}}],"collection":[{"href":"https:\/\/www.deporteseli.com\/index.php?rest_route=\/wp\/v2\/product"}],"about":[{"href":"https:\/\/www.deporteseli.com\/index.php?rest_route=\/wp\/v2\/types\/product"}],"wp:featuredmedia":[{"embeddable":true,"href":"https:\/\/www.deporteseli.com\/index.php?rest_route=\/wp\/v2\/media\/53218"}],"wp:attachment":[{"href":"https:\/\/www.deporteseli.com\/index.php?rest_route=%2Fwp%2Fv2%2Fmedia&parent=38870"}],"wp:term":[{"taxonomy":"product_brand","embeddable":true,"href":"https:\/\/www.deporteseli.com\/index.php?rest_route=%2Fwp%2Fv2%2Fproduct_brand&post=38870"},{"taxonomy":"product_cat","embeddable":true,"href":"https:\/\/www.deporteseli.com\/index.php?rest_route=%2Fwp%2Fv2%2Fproduct_cat&post=38870"},{"taxonomy":"product_tag","embeddable":true,"href":"https:\/\/www.deporteseli.com\/index.php?rest_route=%2Fwp%2Fv2%2Fproduct_tag&post=38870"}],"curies":[{"name":"wp","href":"https:\/\/api.w.org\/{rel}","templated":true}]}}