{"id":38866,"date":"2026-01-27T18:18:32","date_gmt":"2026-01-27T18:18:32","guid":{"rendered":"https:\/\/www.deporteseli.com\/?product=malla-running-puma-run-favorite"},"modified":"2026-03-07T05:28:48","modified_gmt":"2026-03-07T05:28:48","slug":"malla-running-puma-run-favorite","status":"publish","type":"product","link":"https:\/\/www.deporteseli.com\/?product=malla-running-puma-run-favorite","title":{"rendered":"MALLA RUNNING PUMA RUN FAVORITE"},"content":{"rendered":"<p>Run Favorite Reg. Rise \u00be Tight W    El calcet\u00edn ideal para el corredor de todos los d\u00edas que busca piezas con estilo a precios competitivos.    Fabricado con al menos un 20 % de material reciclado como un paso hacia un futuro mejor.    Material principal 1: 89 % poli\u00e9ster, 11 % elastano &#8211; jersey sencillo &#8211; 290,00 g\/m\u00b2 &#8211; te\u00f1ido en pieza &#8211; absorci\u00f3n qu\u00edmica (de base biol\u00f3gica) &#8211; DRYCELL                                                                                                                                                                                                                                                                                                                                                                                                                                                                                                                                                                                                                                                                                                                                                                                                                                                                                                                                                                                                                                        <\/p>\n","protected":false},"excerpt":{"rendered":"<p>MALLA RUNNING PUMA RUN FAVORITE<\/p>\n","protected":false},"featured_media":53215,"template":"","meta":[],"product_brand":[],"product_cat":[281],"product_tag":[32],"class_list":{"0":"post-38866","1":"product","2":"type-product","3":"status-publish","4":"has-post-thumbnail","6":"product_cat-mujer_textil_mallas","7":"product_tag-puma","8":"pa_color-unico","9":"pa_talla-l","10":"pa_talla-s","11":"pa_talla-xl","12":"thunk-woo-product-list","13":"opn-qv-enable","14":"open-woo-hover-","15":"open-single-product-tab-horizontal","16":"open-shadow-","17":"open-shadow-hover-","19":"first","20":"instock","21":"shipping-taxable","22":"purchasable","23":"product-type-variable"},"jetpack_sharing_enabled":true,"_links":{"self":[{"href":"https:\/\/www.deporteseli.com\/index.php?rest_route=\/wp\/v2\/product\/38866","targetHints":{"allow":["GET"]}}],"collection":[{"href":"https:\/\/www.deporteseli.com\/index.php?rest_route=\/wp\/v2\/product"}],"about":[{"href":"https:\/\/www.deporteseli.com\/index.php?rest_route=\/wp\/v2\/types\/product"}],"wp:featuredmedia":[{"embeddable":true,"href":"https:\/\/www.deporteseli.com\/index.php?rest_route=\/wp\/v2\/media\/53215"}],"wp:attachment":[{"href":"https:\/\/www.deporteseli.com\/index.php?rest_route=%2Fwp%2Fv2%2Fmedia&parent=38866"}],"wp:term":[{"taxonomy":"product_brand","embeddable":true,"href":"https:\/\/www.deporteseli.com\/index.php?rest_route=%2Fwp%2Fv2%2Fproduct_brand&post=38866"},{"taxonomy":"product_cat","embeddable":true,"href":"https:\/\/www.deporteseli.com\/index.php?rest_route=%2Fwp%2Fv2%2Fproduct_cat&post=38866"},{"taxonomy":"product_tag","embeddable":true,"href":"https:\/\/www.deporteseli.com\/index.php?rest_route=%2Fwp%2Fv2%2Fproduct_tag&post=38866"}],"curies":[{"name":"wp","href":"https:\/\/api.w.org\/{rel}","templated":true}]}}