{"id":38864,"date":"2026-01-27T18:18:30","date_gmt":"2026-01-27T18:18:30","guid":{"rendered":"https:\/\/www.deporteseli.com\/?product=sujetador-deportivo-puma-mid"},"modified":"2026-03-07T05:28:44","modified_gmt":"2026-03-07T05:28:44","slug":"sujetador-deportivo-puma-mid","status":"publish","type":"product","link":"https:\/\/www.deporteseli.com\/?product=sujetador-deportivo-puma-mid","title":{"rendered":"SUJETADOR DEPORTIVO PUMA MID"},"content":{"rendered":"<p>PUMA Sujetador Deportivo Puma Mid Impact 4Keeps Blanco  DESCRIPCI\u00d3N  El Mid Impact 4Keeps Bra de PUMA es un sujetador deportivo de fitness para mujer con una sujeci\u00f3n de impacto medio. Cuenta con correas de estabilizaci\u00f3n en los hombros con un dise\u00f1o de espalda de nadadora, una c\u00f3moda banda inferior el\u00e1stica de algod\u00f3n y el logotipo del PUMA en el pecho. Est\u00e1 fabricado con poli\u00e9ster reciclado y elastano para una mayor comodidad y durabilidad. Es una prenda ideal para realizar actividades deportivas con una sujeci\u00f3n segura y c\u00f3moda.  CARACTER\u00cdSTICAS  Sujeci\u00f3n de impacto medio  Correas de estabilizaci\u00f3n de los hombros con un dise\u00f1o de espalda de nadadora  C\u00f3moda banda inferior el\u00e1stica de algod\u00f3n  Logotipo del PUMA en el pecho  Poli\u00e9ster reciclado y elastano                                                                                                                                                                                                                                                                                                                                                                                                                                                                                                                                                                                                                                                                                                                                                                                                                                                                                                                                                                                                                                        <\/p>\n","protected":false},"excerpt":{"rendered":"<p>SUJETADOR DEPORTIVO PUMA MID<\/p>\n","protected":false},"featured_media":53212,"template":"","meta":[],"product_brand":[],"product_cat":[275],"product_tag":[32],"class_list":{"0":"post-38864","1":"product","2":"type-product","3":"status-publish","4":"has-post-thumbnail","6":"product_cat-mujer_textil_top","7":"product_tag-puma","8":"pa_color-unico","9":"pa_talla-m","10":"thunk-woo-product-list","11":"opn-qv-enable","12":"open-woo-hover-","13":"open-single-product-tab-horizontal","14":"open-shadow-","15":"open-shadow-hover-","17":"first","18":"instock","19":"shipping-taxable","20":"purchasable","21":"product-type-variable"},"jetpack_sharing_enabled":true,"_links":{"self":[{"href":"https:\/\/www.deporteseli.com\/index.php?rest_route=\/wp\/v2\/product\/38864","targetHints":{"allow":["GET"]}}],"collection":[{"href":"https:\/\/www.deporteseli.com\/index.php?rest_route=\/wp\/v2\/product"}],"about":[{"href":"https:\/\/www.deporteseli.com\/index.php?rest_route=\/wp\/v2\/types\/product"}],"wp:featuredmedia":[{"embeddable":true,"href":"https:\/\/www.deporteseli.com\/index.php?rest_route=\/wp\/v2\/media\/53212"}],"wp:attachment":[{"href":"https:\/\/www.deporteseli.com\/index.php?rest_route=%2Fwp%2Fv2%2Fmedia&parent=38864"}],"wp:term":[{"taxonomy":"product_brand","embeddable":true,"href":"https:\/\/www.deporteseli.com\/index.php?rest_route=%2Fwp%2Fv2%2Fproduct_brand&post=38864"},{"taxonomy":"product_cat","embeddable":true,"href":"https:\/\/www.deporteseli.com\/index.php?rest_route=%2Fwp%2Fv2%2Fproduct_cat&post=38864"},{"taxonomy":"product_tag","embeddable":true,"href":"https:\/\/www.deporteseli.com\/index.php?rest_route=%2Fwp%2Fv2%2Fproduct_tag&post=38864"}],"curies":[{"name":"wp","href":"https:\/\/api.w.org\/{rel}","templated":true}]}}