{"id":38849,"date":"2026-01-27T18:18:10","date_gmt":"2026-01-27T18:18:10","guid":{"rendered":"https:\/\/www.deporteseli.com\/?product=shorts-de-bano-clx-de-3-rayas"},"modified":"2026-03-07T05:28:39","modified_gmt":"2026-03-07T05:28:39","slug":"shorts-de-bano-clx-de-3-rayas","status":"publish","type":"product","link":"https:\/\/www.deporteseli.com\/?product=shorts-de-bano-clx-de-3-rayas","title":{"rendered":"SHORTS DE BA\u00f1O CLX DE 3 RAYAS"},"content":{"rendered":"<p>SHORTS DE BA\u00d1O DE SECADO R\u00c1PIDO HECHOS CON MATERIALES RECICLADOS.  Enfr\u00e9ntate a las l\u00edneas de bronceado con estos shorts de ba\u00f1o adidas que tienen un corte muy corto. Tambi\u00e9n ayudan a mantenerte fresco, con calzoncillos de malla incorporados que agregan una sensaci\u00f3n ligera y aireada. Estos shorts de ba\u00f1o de tiro medio est\u00e1n hechos de tela de secado r\u00e1pido con un acabado repelente al agua libre de PFC. Fabricado con materiales 100 % reciclados, este producto representa solo una de nuestras soluciones para ayudar a acabar con los residuos pl\u00e1sticos.  Largo muy corto: 13  (talla Med)  Cintura el\u00e1stica de tiro medio con cord\u00f3n  Exterior: tejido liso 100 % poli\u00e9ster reciclado  Calzoncillos interiores de malla  cintura de tiro medio  Bolsillos laterales de malla  Tejido duradero, que absorbe la humedad y de secado r\u00e1pido.  Acabado repelente al agua libre de PFC  Importado  Color del producto: App Solar Red \/ White  C\u00f3digo de producto: HT4371                                                                                                                                                                                                                                                                                                                                                                                                                                                                                                                                                                                                                                                                                                                                                                                                                                                                                                                                                                                                                                        <\/p>\n","protected":false},"excerpt":{"rendered":"<p>SHORTS DE BA\u00f1O CLX DE 3 RAYAS<\/p>\n","protected":false},"featured_media":53196,"template":"","meta":[],"product_brand":[],"product_cat":[246],"product_tag":[18],"class_list":{"0":"post-38849","1":"product","2":"type-product","3":"status-publish","4":"has-post-thumbnail","6":"product_cat-hombre_textil_banadores","7":"product_tag-adidas","8":"pa_color-unico","9":"pa_talla-l","10":"thunk-woo-product-list","11":"opn-qv-enable","12":"open-woo-hover-","13":"open-single-product-tab-horizontal","14":"open-shadow-","15":"open-shadow-hover-","17":"first","18":"instock","19":"shipping-taxable","20":"purchasable","21":"product-type-variable"},"jetpack_sharing_enabled":true,"_links":{"self":[{"href":"https:\/\/www.deporteseli.com\/index.php?rest_route=\/wp\/v2\/product\/38849","targetHints":{"allow":["GET"]}}],"collection":[{"href":"https:\/\/www.deporteseli.com\/index.php?rest_route=\/wp\/v2\/product"}],"about":[{"href":"https:\/\/www.deporteseli.com\/index.php?rest_route=\/wp\/v2\/types\/product"}],"wp:featuredmedia":[{"embeddable":true,"href":"https:\/\/www.deporteseli.com\/index.php?rest_route=\/wp\/v2\/media\/53196"}],"wp:attachment":[{"href":"https:\/\/www.deporteseli.com\/index.php?rest_route=%2Fwp%2Fv2%2Fmedia&parent=38849"}],"wp:term":[{"taxonomy":"product_brand","embeddable":true,"href":"https:\/\/www.deporteseli.com\/index.php?rest_route=%2Fwp%2Fv2%2Fproduct_brand&post=38849"},{"taxonomy":"product_cat","embeddable":true,"href":"https:\/\/www.deporteseli.com\/index.php?rest_route=%2Fwp%2Fv2%2Fproduct_cat&post=38849"},{"taxonomy":"product_tag","embeddable":true,"href":"https:\/\/www.deporteseli.com\/index.php?rest_route=%2Fwp%2Fv2%2Fproduct_tag&post=38849"}],"curies":[{"name":"wp","href":"https:\/\/api.w.org\/{rel}","templated":true}]}}