{"id":38845,"date":"2026-01-27T18:18:05","date_gmt":"2026-01-27T18:18:05","guid":{"rendered":"https:\/\/www.deporteseli.com\/?product=banador-slip-classic-3-bandas"},"modified":"2026-02-16T07:46:17","modified_gmt":"2026-02-16T07:46:17","slug":"banador-slip-classic-3-bandas","status":"publish","type":"product","link":"https:\/\/www.deporteseli.com\/?product=banador-slip-classic-3-bandas","title":{"rendered":"BA\u00f1ADOR SLIP CLASSIC 3 BANDAS"},"content":{"rendered":"<p>ESTILO Y RENDIMIENTO EN EL AGUA  Conc\u00e9ntrate en tus entrenamientos en la piscina con este ba\u00f1ador adidas. Su tejido suave y resistente al cloro favorece la comodidad y la libertad de movimiento. Presenta un forro que te ofrece mayor cobertura y una cintura con cord\u00f3n ajustable para una mayor sujeci\u00f3n. Las 3 bandas le confieren el inconfundible sello deportivo de adidas.    Este producto se ha fabricado con diferentes materiales t\u00e9cnicos y contiene al menos un 70% de material reciclado. Su objetivo es plantear otra soluci\u00f3n m\u00e1s que ayude a eliminar los residuos pl\u00e1sticos.  Corte slip ajustado con cintura de talle medio  Cintura con cord\u00f3n ajustable  Punto 78% nailon reciclado \/ 22% elast\u00e1n  Forro de punto  Tejido Infinitex Fitness Eco resistente al cloro  Tejido ultraplano y suave  Color del art\u00edculo: Black \/ White  N\u00famero de art\u00edculo: HT2063                                                                                                                                                                                                                                                                                                                                                                                                                                                                                                                                                                                                                                                                                                                                                                                                                                                                                                                                                                                                                                        <\/p>\n","protected":false},"excerpt":{"rendered":"<p>BA\u00f1ADOR SLIP CLASSIC 3 BANDAS<\/p>\n","protected":false},"featured_media":53193,"template":"","meta":[],"product_brand":[],"product_cat":[246],"product_tag":[18],"class_list":{"0":"post-38845","1":"product","2":"type-product","3":"status-publish","4":"has-post-thumbnail","6":"product_cat-hombre_textil_banadores","7":"product_tag-adidas","8":"pa_color-unico","9":"pa_talla-m","10":"pa_talla-s","11":"pa_talla-xl","12":"thunk-woo-product-list","13":"opn-qv-enable","14":"open-woo-hover-","15":"open-single-product-tab-horizontal","16":"open-shadow-","17":"open-shadow-hover-","19":"first","20":"instock","21":"shipping-taxable","22":"purchasable","23":"product-type-variable"},"jetpack_sharing_enabled":true,"_links":{"self":[{"href":"https:\/\/www.deporteseli.com\/index.php?rest_route=\/wp\/v2\/product\/38845","targetHints":{"allow":["GET"]}}],"collection":[{"href":"https:\/\/www.deporteseli.com\/index.php?rest_route=\/wp\/v2\/product"}],"about":[{"href":"https:\/\/www.deporteseli.com\/index.php?rest_route=\/wp\/v2\/types\/product"}],"wp:featuredmedia":[{"embeddable":true,"href":"https:\/\/www.deporteseli.com\/index.php?rest_route=\/wp\/v2\/media\/53193"}],"wp:attachment":[{"href":"https:\/\/www.deporteseli.com\/index.php?rest_route=%2Fwp%2Fv2%2Fmedia&parent=38845"}],"wp:term":[{"taxonomy":"product_brand","embeddable":true,"href":"https:\/\/www.deporteseli.com\/index.php?rest_route=%2Fwp%2Fv2%2Fproduct_brand&post=38845"},{"taxonomy":"product_cat","embeddable":true,"href":"https:\/\/www.deporteseli.com\/index.php?rest_route=%2Fwp%2Fv2%2Fproduct_cat&post=38845"},{"taxonomy":"product_tag","embeddable":true,"href":"https:\/\/www.deporteseli.com\/index.php?rest_route=%2Fwp%2Fv2%2Fproduct_tag&post=38845"}],"curies":[{"name":"wp","href":"https:\/\/api.w.org\/{rel}","templated":true}]}}