{"id":38843,"date":"2026-01-27T18:18:02","date_gmt":"2026-01-27T18:18:02","guid":{"rendered":"https:\/\/www.deporteseli.com\/?product=conjunto-adidas-3s-co-azul-infantil"},"modified":"2026-03-07T05:28:37","modified_gmt":"2026-03-07T05:28:37","slug":"conjunto-adidas-3s-co-azul-infantil","status":"publish","type":"product","link":"https:\/\/www.deporteseli.com\/?product=conjunto-adidas-3s-co-azul-infantil","title":{"rendered":"CONJUNTO ADIDAS 3S CO AZUL INFANTIL"},"content":{"rendered":"<p>adidas Conjunto adidas 3S Co Azul Infantil  DESCRIPCI\u00d3N  Los Pantalones adidas Lk 3S Co T Set Infantil son perfectos para los m\u00e1s peque\u00f1os. Estos pantalones casuales con un corte cl\u00e1sico ofrecen una camiseta de cuello redondo de canal\u00e9 hecha de punto 100% algod\u00f3n y un pantal\u00f3n corto con cintura el\u00e1stica con cord\u00f3n, para que su hijo se sienta c\u00f3modo y estiloso.  La mezcla perfecta para los looks que tu hijo quiere!  CARACTER\u00cdSTICAS  Corte cl\u00e1sico  Camiseta: cuello redondo de canal\u00e9  Punto 100% algod\u00f3n  Pantal\u00f3n corto: cintura el\u00e1stica con cord\u00f3n                                                                                                                                                                                                                                                                                                                                                                                                                                                                                                                                                                                                                                                                                                                                                                                                                                                                                                                                                                                                                                        <\/p>\n","protected":false},"excerpt":{"rendered":"<p>CONJUNTO ADIDAS 3S CO AZUL INFANTIL<\/p>\n","protected":false},"featured_media":53191,"template":"","meta":[],"product_brand":[],"product_cat":[297],"product_tag":[18],"class_list":{"0":"post-38843","1":"product","2":"type-product","3":"status-publish","4":"has-post-thumbnail","6":"product_cat-nino_textil_conjuntos","7":"product_tag-adidas","8":"pa_color-unico","9":"pa_talla-t-4","10":"thunk-woo-product-list","11":"opn-qv-enable","12":"open-woo-hover-","13":"open-single-product-tab-horizontal","14":"open-shadow-","15":"open-shadow-hover-","17":"first","18":"instock","19":"shipping-taxable","20":"purchasable","21":"product-type-variable"},"jetpack_sharing_enabled":true,"_links":{"self":[{"href":"https:\/\/www.deporteseli.com\/index.php?rest_route=\/wp\/v2\/product\/38843","targetHints":{"allow":["GET"]}}],"collection":[{"href":"https:\/\/www.deporteseli.com\/index.php?rest_route=\/wp\/v2\/product"}],"about":[{"href":"https:\/\/www.deporteseli.com\/index.php?rest_route=\/wp\/v2\/types\/product"}],"wp:featuredmedia":[{"embeddable":true,"href":"https:\/\/www.deporteseli.com\/index.php?rest_route=\/wp\/v2\/media\/53191"}],"wp:attachment":[{"href":"https:\/\/www.deporteseli.com\/index.php?rest_route=%2Fwp%2Fv2%2Fmedia&parent=38843"}],"wp:term":[{"taxonomy":"product_brand","embeddable":true,"href":"https:\/\/www.deporteseli.com\/index.php?rest_route=%2Fwp%2Fv2%2Fproduct_brand&post=38843"},{"taxonomy":"product_cat","embeddable":true,"href":"https:\/\/www.deporteseli.com\/index.php?rest_route=%2Fwp%2Fv2%2Fproduct_cat&post=38843"},{"taxonomy":"product_tag","embeddable":true,"href":"https:\/\/www.deporteseli.com\/index.php?rest_route=%2Fwp%2Fv2%2Fproduct_tag&post=38843"}],"curies":[{"name":"wp","href":"https:\/\/api.w.org\/{rel}","templated":true}]}}