{"id":38831,"date":"2026-01-27T18:17:48","date_gmt":"2026-01-27T18:17:48","guid":{"rendered":"https:\/\/www.deporteseli.com\/?product=nike-waffle"},"modified":"2026-01-27T18:17:49","modified_gmt":"2026-01-27T18:17:49","slug":"nike-waffle","status":"publish","type":"product","link":"https:\/\/www.deporteseli.com\/?product=nike-waffle","title":{"rendered":"NIKE WAFFLE"},"content":{"rendered":"<p>Tenemos un secreto: estas zapatillas retro son completamente nuevas. Confeccionados en ante esponjoso y tela vaporosa, ofrecen un estilo de los a\u00f1os 70 que recuerda a la \u00e9poca con comodidad moderna. Una entresuela de cu\u00f1a actualizada le da un gran impulso a la amortiguaci\u00f3n, al tiempo que mantiene la ic\u00f3nica suela Waffle que conoces y amas.      Beneficios    Swoosh se envuelve alrededor de la parte posterior para formar una leng\u00fceta para poner y quitar f\u00e1cilmente.  La entresuela de espuma levantada le brinda una apariencia mejorada y una sensaci\u00f3n c\u00f3moda.  La gamuza suave agrega un toque vintage, mientras que las capas inferiores de tela lo mantienen transpirable y duradero.  La suela exterior tipo gofre de caucho agrega una tracci\u00f3n duradera y un estilo tradicional.  Color que se muestra: Hueso claro\/Oro team\/Marr\u00f3n medio goma\/Vela  Estilo: DX2931-001                                                                                                                                                                                                                                                                                                                                                                                                                                                                                                                                                                                                                                                                                                                                                                                                                                                                                                                                                                                                                                        <\/p>\n","protected":false},"excerpt":{"rendered":"<p>NIKE WAFFLE<\/p>\n","protected":false},"featured_media":53179,"template":"","meta":[],"product_brand":[],"product_cat":[287],"product_tag":[37],"class_list":{"0":"post-38831","1":"product","2":"type-product","3":"status-publish","4":"has-post-thumbnail","6":"product_cat-mujer_calzado_casual","7":"product_tag-nike","8":"pa_color-unico","9":"pa_talla-145","10":"thunk-woo-product-list","11":"opn-qv-enable","12":"open-woo-hover-","13":"open-single-product-tab-horizontal","14":"open-shadow-","15":"open-shadow-hover-","17":"first","18":"instock","19":"sale","20":"shipping-taxable","21":"purchasable","22":"product-type-variable"},"jetpack_sharing_enabled":true,"_links":{"self":[{"href":"https:\/\/www.deporteseli.com\/index.php?rest_route=\/wp\/v2\/product\/38831","targetHints":{"allow":["GET"]}}],"collection":[{"href":"https:\/\/www.deporteseli.com\/index.php?rest_route=\/wp\/v2\/product"}],"about":[{"href":"https:\/\/www.deporteseli.com\/index.php?rest_route=\/wp\/v2\/types\/product"}],"wp:featuredmedia":[{"embeddable":true,"href":"https:\/\/www.deporteseli.com\/index.php?rest_route=\/wp\/v2\/media\/53179"}],"wp:attachment":[{"href":"https:\/\/www.deporteseli.com\/index.php?rest_route=%2Fwp%2Fv2%2Fmedia&parent=38831"}],"wp:term":[{"taxonomy":"product_brand","embeddable":true,"href":"https:\/\/www.deporteseli.com\/index.php?rest_route=%2Fwp%2Fv2%2Fproduct_brand&post=38831"},{"taxonomy":"product_cat","embeddable":true,"href":"https:\/\/www.deporteseli.com\/index.php?rest_route=%2Fwp%2Fv2%2Fproduct_cat&post=38831"},{"taxonomy":"product_tag","embeddable":true,"href":"https:\/\/www.deporteseli.com\/index.php?rest_route=%2Fwp%2Fv2%2Fproduct_tag&post=38831"}],"curies":[{"name":"wp","href":"https:\/\/api.w.org\/{rel}","templated":true}]}}