{"id":38826,"date":"2026-01-27T18:17:42","date_gmt":"2026-01-27T18:17:42","guid":{"rendered":"https:\/\/www.deporteseli.com\/?product=adidas-zapatillas-hoops-3-0-cf-i-ho3860"},"modified":"2026-02-24T05:17:59","modified_gmt":"2026-02-24T05:17:59","slug":"adidas-zapatillas-hoops-3-0-cf-i-ho3860","status":"publish","type":"product","link":"https:\/\/www.deporteseli.com\/?product=adidas-zapatillas-hoops-3-0-cf-i-ho3860","title":{"rendered":"ADIDAS ZAPATILLAS HOOPS 3.0 CF I HO3860"},"content":{"rendered":"<p>Adidas Zapatillas Hoops 3.0 CF I HO3860  Descubre las zapatillas Adidas Hoops 3.0 CF I HO3860, dise\u00f1adas para brindar comodidad y estilo a los m\u00e1s peque\u00f1os en sus actividades diarias.    Dise\u00f1o y estilo  Estas zapatillas cuentan con un dise\u00f1o moderno y atractivo, inspirado en el baloncesto, que combina perfectamente con cualquier outfit casual. Su referencia HO3860 garantiza la autenticidad del producto.    Comodidad y ajuste  Las Adidas Hoops 3.0 CF I ofrecen un ajuste seguro y c\u00f3modo gracias a sus cierres de velcro, ideales para facilitar el calzado y descalzado de los ni\u00f1os.    Caracter\u00edsticas t\u00e9cnicas  A continuaci\u00f3n, se detallan las 20 caracter\u00edsticas t\u00e9cnicas m\u00e1s destacadas de las zapatillas Adidas Hoops 3.0 CF I HO3860:                                                                                                                                                                                                                                                                                                                                                                                                                                                                                                                                                                                                                                                                                                                                                                                                                                                                                                                                                                                                                                        <\/p>\n","protected":false},"excerpt":{"rendered":"<p>ADIDAS ZAPATILLAS HOOPS 3.0 CF I HO3860<\/p>\n","protected":false},"featured_media":53176,"template":"","meta":[],"product_brand":[],"product_cat":[237],"product_tag":[18],"class_list":{"0":"post-38826","1":"product","2":"type-product","3":"status-publish","4":"has-post-thumbnail","6":"product_cat-outlet_calzado","7":"product_tag-adidas","8":"pa_color-unico","9":"pa_talla-115","10":"pa_talla-119","11":"pa_talla-t-20","12":"pa_talla-t-21","13":"thunk-woo-product-list","14":"opn-qv-enable","15":"open-woo-hover-","16":"open-single-product-tab-horizontal","17":"open-shadow-","18":"open-shadow-hover-","20":"first","21":"instock","22":"shipping-taxable","23":"purchasable","24":"product-type-variable"},"jetpack_sharing_enabled":true,"_links":{"self":[{"href":"https:\/\/www.deporteseli.com\/index.php?rest_route=\/wp\/v2\/product\/38826","targetHints":{"allow":["GET"]}}],"collection":[{"href":"https:\/\/www.deporteseli.com\/index.php?rest_route=\/wp\/v2\/product"}],"about":[{"href":"https:\/\/www.deporteseli.com\/index.php?rest_route=\/wp\/v2\/types\/product"}],"wp:featuredmedia":[{"embeddable":true,"href":"https:\/\/www.deporteseli.com\/index.php?rest_route=\/wp\/v2\/media\/53176"}],"wp:attachment":[{"href":"https:\/\/www.deporteseli.com\/index.php?rest_route=%2Fwp%2Fv2%2Fmedia&parent=38826"}],"wp:term":[{"taxonomy":"product_brand","embeddable":true,"href":"https:\/\/www.deporteseli.com\/index.php?rest_route=%2Fwp%2Fv2%2Fproduct_brand&post=38826"},{"taxonomy":"product_cat","embeddable":true,"href":"https:\/\/www.deporteseli.com\/index.php?rest_route=%2Fwp%2Fv2%2Fproduct_cat&post=38826"},{"taxonomy":"product_tag","embeddable":true,"href":"https:\/\/www.deporteseli.com\/index.php?rest_route=%2Fwp%2Fv2%2Fproduct_tag&post=38826"}],"curies":[{"name":"wp","href":"https:\/\/api.w.org\/{rel}","templated":true}]}}