{"id":38797,"date":"2026-01-27T18:17:05","date_gmt":"2026-01-27T18:17:05","guid":{"rendered":"https:\/\/www.deporteseli.com\/?product=set-champion-306318"},"modified":"2026-03-07T05:28:32","modified_gmt":"2026-03-07T05:28:32","slug":"set-champion-306318","status":"publish","type":"product","link":"https:\/\/www.deporteseli.com\/?product=set-champion-306318","title":{"rendered":"SET CHAMPION 306318"},"content":{"rendered":"<p>Conjunto de verano sencillo y c\u00f3modo    Caracter\u00edsticas  Camiseta con mangas  Estampado frontal Champion    Pantal\u00f3n  Cintura el\u00e1stica con cordones  Logotipo Champion en la pierna izquierda  L\u00edneas te\u00f1idas en las caderas                                                                                                                                                                                                                                                                                                                                                                                                                                                                                                                                                                                                                                                                                                                                                                                                                                                                                                                                                                                                                                        <\/p>\n","protected":false},"excerpt":{"rendered":"<p>SET CHAMPION 306318<\/p>\n","protected":false},"featured_media":53166,"template":"","meta":[],"product_brand":[],"product_cat":[297],"product_tag":[51],"class_list":{"0":"post-38797","1":"product","2":"type-product","3":"status-publish","4":"has-post-thumbnail","6":"product_cat-nino_textil_conjuntos","7":"product_tag-champion","8":"pa_color-unico","9":"pa_talla-xxl","10":"thunk-woo-product-list","11":"opn-qv-enable","12":"open-woo-hover-","13":"open-single-product-tab-horizontal","14":"open-shadow-","15":"open-shadow-hover-","17":"first","18":"instock","19":"shipping-taxable","20":"purchasable","21":"product-type-variable"},"jetpack_sharing_enabled":true,"_links":{"self":[{"href":"https:\/\/www.deporteseli.com\/index.php?rest_route=\/wp\/v2\/product\/38797","targetHints":{"allow":["GET"]}}],"collection":[{"href":"https:\/\/www.deporteseli.com\/index.php?rest_route=\/wp\/v2\/product"}],"about":[{"href":"https:\/\/www.deporteseli.com\/index.php?rest_route=\/wp\/v2\/types\/product"}],"wp:featuredmedia":[{"embeddable":true,"href":"https:\/\/www.deporteseli.com\/index.php?rest_route=\/wp\/v2\/media\/53166"}],"wp:attachment":[{"href":"https:\/\/www.deporteseli.com\/index.php?rest_route=%2Fwp%2Fv2%2Fmedia&parent=38797"}],"wp:term":[{"taxonomy":"product_brand","embeddable":true,"href":"https:\/\/www.deporteseli.com\/index.php?rest_route=%2Fwp%2Fv2%2Fproduct_brand&post=38797"},{"taxonomy":"product_cat","embeddable":true,"href":"https:\/\/www.deporteseli.com\/index.php?rest_route=%2Fwp%2Fv2%2Fproduct_cat&post=38797"},{"taxonomy":"product_tag","embeddable":true,"href":"https:\/\/www.deporteseli.com\/index.php?rest_route=%2Fwp%2Fv2%2Fproduct_tag&post=38797"}],"curies":[{"name":"wp","href":"https:\/\/api.w.org\/{rel}","templated":true}]}}