{"id":38794,"date":"2026-01-27T18:17:01","date_gmt":"2026-01-27T18:17:01","guid":{"rendered":"https:\/\/www.deporteseli.com\/?product=set-champion-306316"},"modified":"2026-03-07T05:28:31","modified_gmt":"2026-03-07T05:28:31","slug":"set-champion-306316","status":"publish","type":"product","link":"https:\/\/www.deporteseli.com\/?product=set-champion-306316","title":{"rendered":"SET CHAMPION 306316"},"content":{"rendered":"<p>Descripci\u00f3n  Camiseta   pantal\u00f3n corto rojo y azul Champion para ni\u00f1o, modelo 306316, confeccionado en 100% algod\u00f3n. La camiseta de este ch\u00e1ndal de Champion tiene cuello redondo de canal\u00e9, manga corta, el maxi estampado de la marca en la parte delantera en contraste de color y parte de abajo regular. Los pantalones cortos de este ch\u00e1ndal de Champion tienen una banda el\u00e1stica en la cintura ajustable con cordones, dos bolsillos laterales abiertos y el logo de la marca en el lado izquierdo.                                                                                                                                                                                                                                                                                                                                                                                                                                                                                                                                                                                                                                                                                                                                                                                                                                                                                                                                                                                                                                        <\/p>\n","protected":false},"excerpt":{"rendered":"<p>SET CHAMPION 306316<\/p>\n","protected":false},"featured_media":53165,"template":"","meta":[],"product_brand":[],"product_cat":[297],"product_tag":[51],"class_list":{"0":"post-38794","1":"product","2":"type-product","3":"status-publish","4":"has-post-thumbnail","6":"product_cat-nino_textil_conjuntos","7":"product_tag-champion","8":"pa_color-unico","9":"pa_talla-l","10":"pa_talla-xl","11":"thunk-woo-product-list","12":"opn-qv-enable","13":"open-woo-hover-","14":"open-single-product-tab-horizontal","15":"open-shadow-","16":"open-shadow-hover-","18":"first","19":"instock","20":"shipping-taxable","21":"purchasable","22":"product-type-variable"},"jetpack_sharing_enabled":true,"_links":{"self":[{"href":"https:\/\/www.deporteseli.com\/index.php?rest_route=\/wp\/v2\/product\/38794","targetHints":{"allow":["GET"]}}],"collection":[{"href":"https:\/\/www.deporteseli.com\/index.php?rest_route=\/wp\/v2\/product"}],"about":[{"href":"https:\/\/www.deporteseli.com\/index.php?rest_route=\/wp\/v2\/types\/product"}],"wp:featuredmedia":[{"embeddable":true,"href":"https:\/\/www.deporteseli.com\/index.php?rest_route=\/wp\/v2\/media\/53165"}],"wp:attachment":[{"href":"https:\/\/www.deporteseli.com\/index.php?rest_route=%2Fwp%2Fv2%2Fmedia&parent=38794"}],"wp:term":[{"taxonomy":"product_brand","embeddable":true,"href":"https:\/\/www.deporteseli.com\/index.php?rest_route=%2Fwp%2Fv2%2Fproduct_brand&post=38794"},{"taxonomy":"product_cat","embeddable":true,"href":"https:\/\/www.deporteseli.com\/index.php?rest_route=%2Fwp%2Fv2%2Fproduct_cat&post=38794"},{"taxonomy":"product_tag","embeddable":true,"href":"https:\/\/www.deporteseli.com\/index.php?rest_route=%2Fwp%2Fv2%2Fproduct_tag&post=38794"}],"curies":[{"name":"wp","href":"https:\/\/api.w.org\/{rel}","templated":true}]}}