{"id":38773,"date":"2026-01-27T18:16:35","date_gmt":"2026-01-27T18:16:35","guid":{"rendered":"https:\/\/www.deporteseli.com\/?product=camisa-champion-218560"},"modified":"2026-03-07T05:28:07","modified_gmt":"2026-03-07T05:28:07","slug":"camisa-champion-218560","status":"publish","type":"product","link":"https:\/\/www.deporteseli.com\/?product=camisa-champion-218560","title":{"rendered":"CAMISA CHAMPION 218560"},"content":{"rendered":"<p>Camiseta de cuello redondo Champion para hombre  La opci\u00f3n m\u00e1s f\u00e1cil que puedes tomar para un look simple e informal. La camiseta Champion es la elecci\u00f3n que te justificar\u00e1 ya que est\u00e1 confeccionada en un tejido suave y c\u00f3modo.  P\u00f3ntelo como quieras y comienza tu d\u00eda!      Caracter\u00edsticas  \u2022 Composici\u00f3n: 100% Algod\u00f3n    \u2022 Calce normal    \u2022 Escote redondo                                                                                                                                                                                                                                                                                                                                                                                                                                                                                                                                                                                                                                                                                                                                                                                                                                                                                                                                                                                                                                        <\/p>\n","protected":false},"excerpt":{"rendered":"<p>CAMISA CHAMPION 218560<\/p>\n","protected":false},"featured_media":53155,"template":"","meta":[],"product_brand":[],"product_cat":[245],"product_tag":[51],"class_list":{"0":"post-38773","1":"product","2":"type-product","3":"status-publish","4":"has-post-thumbnail","6":"product_cat-hombre_textil_camisetas","7":"product_tag-champion","8":"pa_color-unico","9":"pa_talla-l","10":"thunk-woo-product-list","11":"opn-qv-enable","12":"open-woo-hover-","13":"open-single-product-tab-horizontal","14":"open-shadow-","15":"open-shadow-hover-","17":"first","18":"instock","19":"shipping-taxable","20":"purchasable","21":"product-type-variable"},"jetpack_sharing_enabled":true,"_links":{"self":[{"href":"https:\/\/www.deporteseli.com\/index.php?rest_route=\/wp\/v2\/product\/38773","targetHints":{"allow":["GET"]}}],"collection":[{"href":"https:\/\/www.deporteseli.com\/index.php?rest_route=\/wp\/v2\/product"}],"about":[{"href":"https:\/\/www.deporteseli.com\/index.php?rest_route=\/wp\/v2\/types\/product"}],"wp:featuredmedia":[{"embeddable":true,"href":"https:\/\/www.deporteseli.com\/index.php?rest_route=\/wp\/v2\/media\/53155"}],"wp:attachment":[{"href":"https:\/\/www.deporteseli.com\/index.php?rest_route=%2Fwp%2Fv2%2Fmedia&parent=38773"}],"wp:term":[{"taxonomy":"product_brand","embeddable":true,"href":"https:\/\/www.deporteseli.com\/index.php?rest_route=%2Fwp%2Fv2%2Fproduct_brand&post=38773"},{"taxonomy":"product_cat","embeddable":true,"href":"https:\/\/www.deporteseli.com\/index.php?rest_route=%2Fwp%2Fv2%2Fproduct_cat&post=38773"},{"taxonomy":"product_tag","embeddable":true,"href":"https:\/\/www.deporteseli.com\/index.php?rest_route=%2Fwp%2Fv2%2Fproduct_tag&post=38773"}],"curies":[{"name":"wp","href":"https:\/\/api.w.org\/{rel}","templated":true}]}}