{"id":38765,"date":"2026-01-27T18:16:08","date_gmt":"2026-01-27T18:16:08","guid":{"rendered":"https:\/\/www.deporteseli.com\/?product=short-champion-216069"},"modified":"2026-03-07T05:28:00","modified_gmt":"2026-03-07T05:28:00","slug":"short-champion-216069","status":"publish","type":"product","link":"https:\/\/www.deporteseli.com\/?product=short-champion-216069","title":{"rendered":"SHORT CHAMPION 216069"},"content":{"rendered":"<p>\u00danicamente detallado con el logotipo de script impreso en el muslo, estos shorts de ba\u00f1o son imprescindibles para un look discreto.    COMPOSICI\u00d3N Y TECNOLOG\u00cdA    Estampado de logotipo Script en el muslo  Cord\u00f3n de la cintura  Secado r\u00e1pido  Dise\u00f1o de 3 bolsillos con bolsillo trasero de parche.  100% Poliamida                                                                                                                                                                                                                                                                                                                                                                                                                                                                                                                                                                                                                                                                                                                                                                                                                                                                                                                                                                                                                                        <\/p>\n","protected":false},"excerpt":{"rendered":"<p>SHORT CHAMPION 216069<\/p>\n","protected":false},"featured_media":53149,"template":"","meta":[],"product_brand":[],"product_cat":[246],"product_tag":[51],"class_list":{"0":"post-38765","1":"product","2":"type-product","3":"status-publish","4":"has-post-thumbnail","6":"product_cat-hombre_textil_banadores","7":"product_tag-champion","8":"pa_color-unico","9":"pa_talla-l","10":"pa_talla-m","11":"pa_talla-xl","12":"thunk-woo-product-list","13":"opn-qv-enable","14":"open-woo-hover-","15":"open-single-product-tab-horizontal","16":"open-shadow-","17":"open-shadow-hover-","19":"first","20":"instock","21":"shipping-taxable","22":"purchasable","23":"product-type-variable"},"jetpack_sharing_enabled":true,"_links":{"self":[{"href":"https:\/\/www.deporteseli.com\/index.php?rest_route=\/wp\/v2\/product\/38765","targetHints":{"allow":["GET"]}}],"collection":[{"href":"https:\/\/www.deporteseli.com\/index.php?rest_route=\/wp\/v2\/product"}],"about":[{"href":"https:\/\/www.deporteseli.com\/index.php?rest_route=\/wp\/v2\/types\/product"}],"wp:featuredmedia":[{"embeddable":true,"href":"https:\/\/www.deporteseli.com\/index.php?rest_route=\/wp\/v2\/media\/53149"}],"wp:attachment":[{"href":"https:\/\/www.deporteseli.com\/index.php?rest_route=%2Fwp%2Fv2%2Fmedia&parent=38765"}],"wp:term":[{"taxonomy":"product_brand","embeddable":true,"href":"https:\/\/www.deporteseli.com\/index.php?rest_route=%2Fwp%2Fv2%2Fproduct_brand&post=38765"},{"taxonomy":"product_cat","embeddable":true,"href":"https:\/\/www.deporteseli.com\/index.php?rest_route=%2Fwp%2Fv2%2Fproduct_cat&post=38765"},{"taxonomy":"product_tag","embeddable":true,"href":"https:\/\/www.deporteseli.com\/index.php?rest_route=%2Fwp%2Fv2%2Fproduct_tag&post=38765"}],"curies":[{"name":"wp","href":"https:\/\/api.w.org\/{rel}","templated":true}]}}