{"id":38763,"date":"2026-01-27T18:16:03","date_gmt":"2026-01-27T18:16:03","guid":{"rendered":"https:\/\/www.deporteseli.com\/?product=legging-champion-115016"},"modified":"2026-03-07T05:27:55","modified_gmt":"2026-03-07T05:27:55","slug":"legging-champion-115016","status":"publish","type":"product","link":"https:\/\/www.deporteseli.com\/?product=legging-champion-115016","title":{"rendered":"LEGGING CHAMPION 115016"},"content":{"rendered":"<p>Mantente seco y c\u00f3modo sin importar lo duro que sea el entrenamiento con estos leggings para mujer. Tienen un peque\u00f1o logo en la cadera y utilizan una tecnolog\u00eda que absorbe el sudor.  DETALLES DE PRODUCTO  115016_KK001  Peque\u00f1o logotipo de escritura en la cadera.  Secado r\u00e1pido  Tecnolog\u00eda antimicrobiana y de control de olores.  Licra de algod\u00f3n de 230 g\/m\u00b2.  90% Algod\u00f3n, 10% El\u00e1stico  Ajuste atl\u00e9tico                                                                                                                                                                                                                                                                                                                                                                                                                                                                                                                                                                                                                                                                                                                                                                                                                                                                                                                                                                                                                                        <\/p>\n","protected":false},"excerpt":{"rendered":"<p>LEGGING CHAMPION 115016<\/p>\n","protected":false},"featured_media":53146,"template":"","meta":[],"product_brand":[],"product_cat":[281],"product_tag":[51],"class_list":{"0":"post-38763","1":"product","2":"type-product","3":"status-publish","4":"has-post-thumbnail","6":"product_cat-mujer_textil_mallas","7":"product_tag-champion","8":"pa_color-unico","9":"pa_talla-m","10":"thunk-woo-product-list","11":"opn-qv-enable","12":"open-woo-hover-","13":"open-single-product-tab-horizontal","14":"open-shadow-","15":"open-shadow-hover-","17":"first","18":"instock","19":"shipping-taxable","20":"purchasable","21":"product-type-variable"},"jetpack_sharing_enabled":true,"_links":{"self":[{"href":"https:\/\/www.deporteseli.com\/index.php?rest_route=\/wp\/v2\/product\/38763","targetHints":{"allow":["GET"]}}],"collection":[{"href":"https:\/\/www.deporteseli.com\/index.php?rest_route=\/wp\/v2\/product"}],"about":[{"href":"https:\/\/www.deporteseli.com\/index.php?rest_route=\/wp\/v2\/types\/product"}],"wp:featuredmedia":[{"embeddable":true,"href":"https:\/\/www.deporteseli.com\/index.php?rest_route=\/wp\/v2\/media\/53146"}],"wp:attachment":[{"href":"https:\/\/www.deporteseli.com\/index.php?rest_route=%2Fwp%2Fv2%2Fmedia&parent=38763"}],"wp:term":[{"taxonomy":"product_brand","embeddable":true,"href":"https:\/\/www.deporteseli.com\/index.php?rest_route=%2Fwp%2Fv2%2Fproduct_brand&post=38763"},{"taxonomy":"product_cat","embeddable":true,"href":"https:\/\/www.deporteseli.com\/index.php?rest_route=%2Fwp%2Fv2%2Fproduct_cat&post=38763"},{"taxonomy":"product_tag","embeddable":true,"href":"https:\/\/www.deporteseli.com\/index.php?rest_route=%2Fwp%2Fv2%2Fproduct_tag&post=38763"}],"curies":[{"name":"wp","href":"https:\/\/api.w.org\/{rel}","templated":true}]}}