{"id":38752,"date":"2026-01-27T18:15:47","date_gmt":"2026-01-27T18:15:47","guid":{"rendered":"https:\/\/www.deporteseli.com\/?product=zapatillas-rush-runner-4"},"modified":"2026-02-26T05:18:12","modified_gmt":"2026-02-26T05:18:12","slug":"zapatillas-rush-runner-4","status":"publish","type":"product","link":"https:\/\/www.deporteseli.com\/?product=zapatillas-rush-runner-4","title":{"rendered":"ZAPATILLAS RUSH RUNNER 4"},"content":{"rendered":"<p>ZAPATILLAS RUSH RUNNER 4  Paso uno: Tu peque\u00f1o se pone las correas de estos zapatos Reebok para ni\u00f1os. Paso dos: Es hora de explorar. La amortiguaci\u00f3n ligera mantiene altos los niveles de comodidad. Una correa de velcro sobre los cordones garantiza un ajuste ce\u00f1ido para que tenga una base s\u00f3lida mientras se enfrenta al mundo.                                                                                                                                                                                                                                                                                                                                                                                                                                                                                                                                                                                                                                                                                                                                                                                                                                                                                                                                                                                                                                        <\/p>\n","protected":false},"excerpt":{"rendered":"<p>ZAPATILLAS RUSH RUNNER 4<\/p>\n","protected":false},"featured_media":53137,"template":"","meta":[],"product_brand":[],"product_cat":[237],"product_tag":[41],"class_list":{"0":"post-38752","1":"product","2":"type-product","3":"status-publish","4":"has-post-thumbnail","6":"product_cat-outlet_calzado","7":"product_tag-reebok","8":"pa_color-unico","9":"pa_talla-113","10":"pa_talla-23-5","11":"pa_talla-t-19-5","12":"pa_talla-t-20","13":"thunk-woo-product-list","14":"opn-qv-enable","15":"open-woo-hover-","16":"open-single-product-tab-horizontal","17":"open-shadow-","18":"open-shadow-hover-","20":"first","21":"instock","22":"shipping-taxable","23":"purchasable","24":"product-type-variable"},"jetpack_sharing_enabled":true,"_links":{"self":[{"href":"https:\/\/www.deporteseli.com\/index.php?rest_route=\/wp\/v2\/product\/38752","targetHints":{"allow":["GET"]}}],"collection":[{"href":"https:\/\/www.deporteseli.com\/index.php?rest_route=\/wp\/v2\/product"}],"about":[{"href":"https:\/\/www.deporteseli.com\/index.php?rest_route=\/wp\/v2\/types\/product"}],"wp:featuredmedia":[{"embeddable":true,"href":"https:\/\/www.deporteseli.com\/index.php?rest_route=\/wp\/v2\/media\/53137"}],"wp:attachment":[{"href":"https:\/\/www.deporteseli.com\/index.php?rest_route=%2Fwp%2Fv2%2Fmedia&parent=38752"}],"wp:term":[{"taxonomy":"product_brand","embeddable":true,"href":"https:\/\/www.deporteseli.com\/index.php?rest_route=%2Fwp%2Fv2%2Fproduct_brand&post=38752"},{"taxonomy":"product_cat","embeddable":true,"href":"https:\/\/www.deporteseli.com\/index.php?rest_route=%2Fwp%2Fv2%2Fproduct_cat&post=38752"},{"taxonomy":"product_tag","embeddable":true,"href":"https:\/\/www.deporteseli.com\/index.php?rest_route=%2Fwp%2Fv2%2Fproduct_tag&post=38752"}],"curies":[{"name":"wp","href":"https:\/\/api.w.org\/{rel}","templated":true}]}}