{"id":38746,"date":"2026-01-27T18:15:35","date_gmt":"2026-01-27T18:15:35","guid":{"rendered":"https:\/\/www.deporteseli.com\/?product=reebok-royal-prime-2-6"},"modified":"2026-02-26T05:18:09","modified_gmt":"2026-02-26T05:18:09","slug":"reebok-royal-prime-2-6","status":"publish","type":"product","link":"https:\/\/www.deporteseli.com\/?product=reebok-royal-prime-2-6","title":{"rendered":"REEBOK ROYAL PRIME 2"},"content":{"rendered":"<p>UNA ZAPATILLA FLEXIBLE Y VERS\u00c1TIL CON UN DISE\u00d1O ORIGINAL DE NUESTROS ARCHIVOS.  Estilo Reebok retro para tu peque\u00f1o campe\u00f3n. Esta zapatilla para ni\u00f1os luce un look cl\u00e1sico y fresco con las rayas laterales de color en contraste. El cierre de velcro y la pesta\u00f1a de tal\u00f3n le permiten ponerla y quitarla f\u00e1cilmente, mientras que la mediasuela de EVA le proporciona un confort duradero.  Parte superior sint\u00e9tica suave.  Cierre de velcro.  Mediasuela de EVA.  Forro de tela.  Suela de caucho.  Color del art\u00edculo: Cloud White \/ Vector Red \/ Vector Blue  N\u00famero de art\u00edculo: HQ1079                                                                                                                                                                                                                                                                                                                                                                                                                                                                                                                                                                                                                                                                                                                                                                                                                                                                                                                                                                                                                                        <\/p>\n","protected":false},"excerpt":{"rendered":"<p>REEBOK ROYAL PRIME 2<\/p>\n","protected":false},"featured_media":53131,"template":"","meta":[],"product_brand":[],"product_cat":[237],"product_tag":[41],"class_list":{"0":"post-38746","1":"product","2":"type-product","3":"status-publish","4":"has-post-thumbnail","6":"product_cat-outlet_calzado","7":"product_tag-reebok","8":"pa_color-unico","9":"pa_talla-23-5","10":"pa_talla-t-20","11":"pa_talla-t-21","12":"thunk-woo-product-list","13":"opn-qv-enable","14":"open-woo-hover-","15":"open-single-product-tab-horizontal","16":"open-shadow-","17":"open-shadow-hover-","19":"first","20":"instock","21":"shipping-taxable","22":"purchasable","23":"product-type-variable"},"jetpack_sharing_enabled":true,"_links":{"self":[{"href":"https:\/\/www.deporteseli.com\/index.php?rest_route=\/wp\/v2\/product\/38746","targetHints":{"allow":["GET"]}}],"collection":[{"href":"https:\/\/www.deporteseli.com\/index.php?rest_route=\/wp\/v2\/product"}],"about":[{"href":"https:\/\/www.deporteseli.com\/index.php?rest_route=\/wp\/v2\/types\/product"}],"wp:featuredmedia":[{"embeddable":true,"href":"https:\/\/www.deporteseli.com\/index.php?rest_route=\/wp\/v2\/media\/53131"}],"wp:attachment":[{"href":"https:\/\/www.deporteseli.com\/index.php?rest_route=%2Fwp%2Fv2%2Fmedia&parent=38746"}],"wp:term":[{"taxonomy":"product_brand","embeddable":true,"href":"https:\/\/www.deporteseli.com\/index.php?rest_route=%2Fwp%2Fv2%2Fproduct_brand&post=38746"},{"taxonomy":"product_cat","embeddable":true,"href":"https:\/\/www.deporteseli.com\/index.php?rest_route=%2Fwp%2Fv2%2Fproduct_cat&post=38746"},{"taxonomy":"product_tag","embeddable":true,"href":"https:\/\/www.deporteseli.com\/index.php?rest_route=%2Fwp%2Fv2%2Fproduct_tag&post=38746"}],"curies":[{"name":"wp","href":"https:\/\/api.w.org\/{rel}","templated":true}]}}