{"id":38742,"date":"2026-01-27T18:15:24","date_gmt":"2026-01-27T18:15:24","guid":{"rendered":"https:\/\/www.deporteseli.com\/?product=royal-rewind-run"},"modified":"2026-01-27T18:15:28","modified_gmt":"2026-01-27T18:15:28","slug":"royal-rewind-run","status":"publish","type":"product","link":"https:\/\/www.deporteseli.com\/?product=royal-rewind-run","title":{"rendered":"ROYAL REWIND RUN"},"content":{"rendered":"<p>UNA ZAPATILLA CL\u00c1SICA QUE LE OFRECE UN CONFORT DURADERO.  Un look a la altura de su estilo. Desde tardes jugando en casa de los amigos hasta salidas al aire libre, esta zapatilla para ni\u00f1os peque\u00f1os mantiene sus pies a toda marcha. El dise\u00f1o con rayas laterales aporta una nueva paleta de colores a su look. El cierre de tira de velcro mantiene su pies seguros y listos para su pr\u00f3xima aventura.  Parte superior de material sint\u00e9tico.  Cierre de velcro.  Forro de tela.  Suela de caucho.  Color del art\u00edculo: Cloud White \/ Classic Pink \/ Cloud White  N\u00famero de art\u00edculo: GY1741                                                                                                                                                                                                                                                                                                                                                                                                                                                                                                                                                                                                                                                                                                                                                                                                                                                                                                                                                                                                                                        <\/p>\n","protected":false},"excerpt":{"rendered":"<p>ROYAL REWIND RUN<\/p>\n","protected":false},"featured_media":53122,"template":"","meta":[],"product_brand":[],"product_cat":[392],"product_tag":[41],"class_list":{"0":"post-38742","1":"product","2":"type-product","3":"status-publish","4":"has-post-thumbnail","6":"product_cat-ninas_calzado_casual","7":"product_tag-reebok","8":"pa_color-unico","9":"pa_talla-117","10":"thunk-woo-product-list","11":"opn-qv-enable","12":"open-woo-hover-","13":"open-single-product-tab-horizontal","14":"open-shadow-","15":"open-shadow-hover-","17":"first","18":"instock","19":"sale","20":"shipping-taxable","21":"purchasable","22":"product-type-variable"},"jetpack_sharing_enabled":true,"_links":{"self":[{"href":"https:\/\/www.deporteseli.com\/index.php?rest_route=\/wp\/v2\/product\/38742","targetHints":{"allow":["GET"]}}],"collection":[{"href":"https:\/\/www.deporteseli.com\/index.php?rest_route=\/wp\/v2\/product"}],"about":[{"href":"https:\/\/www.deporteseli.com\/index.php?rest_route=\/wp\/v2\/types\/product"}],"wp:featuredmedia":[{"embeddable":true,"href":"https:\/\/www.deporteseli.com\/index.php?rest_route=\/wp\/v2\/media\/53122"}],"wp:attachment":[{"href":"https:\/\/www.deporteseli.com\/index.php?rest_route=%2Fwp%2Fv2%2Fmedia&parent=38742"}],"wp:term":[{"taxonomy":"product_brand","embeddable":true,"href":"https:\/\/www.deporteseli.com\/index.php?rest_route=%2Fwp%2Fv2%2Fproduct_brand&post=38742"},{"taxonomy":"product_cat","embeddable":true,"href":"https:\/\/www.deporteseli.com\/index.php?rest_route=%2Fwp%2Fv2%2Fproduct_cat&post=38742"},{"taxonomy":"product_tag","embeddable":true,"href":"https:\/\/www.deporteseli.com\/index.php?rest_route=%2Fwp%2Fv2%2Fproduct_tag&post=38742"}],"curies":[{"name":"wp","href":"https:\/\/api.w.org\/{rel}","templated":true}]}}