{"id":38733,"date":"2026-01-27T18:15:08","date_gmt":"2026-01-27T18:15:08","guid":{"rendered":"https:\/\/www.deporteseli.com\/?product=pantalones-cortos-de-entrenamiento"},"modified":"2026-03-07T05:27:45","modified_gmt":"2026-03-07T05:27:45","slug":"pantalones-cortos-de-entrenamiento","status":"publish","type":"product","link":"https:\/\/www.deporteseli.com\/?product=pantalones-cortos-de-entrenamiento","title":{"rendered":"PANTALONES CORTOS DE ENTRENAMIENTO"},"content":{"rendered":"<p>DESCRIPCI\u00d3N DEL PRODUCTO  PANTALONES CORTOS DE ENTRENAMIENTO TRAIN ESSENTIALS ALL SET  PANTALONES CORTOS DE ENTRENAMIENTO LIGEROS HECHOS CON MATERIALES RECICLADOS.  Ponte ancho. Ir bajo Paso alto. Las aberturas laterales de estos shorts adidas te permiten maximizar tus movimientos y aprovechar al m\u00e1ximo tu rutina. Cuando haces las \u00faltimas repeticiones, la suave tela de punto doble te da una raz\u00f3n para continuar. AEROREADY se adhiere al sudor, para que te mantengas seco y termines fuerte. Fabricado con materiales 100 % reciclados, este producto representa solo una de nuestras soluciones para ayudar a acabar con los residuos pl\u00e1sticos.                                                                                                                                                                                                                                                                                                                                                                                                                                                                                                                                                                                                                                                                                                                                                                                                                                                                                                                                                                                                                                        <\/p>\n","protected":false},"excerpt":{"rendered":"<p>PANTALONES CORTOS DE ENTRENAMIENTO<\/p>\n","protected":false},"featured_media":53098,"template":"","meta":[],"product_brand":[],"product_cat":[251],"product_tag":[18],"class_list":{"0":"post-38733","1":"product","2":"type-product","3":"status-publish","4":"has-post-thumbnail","6":"product_cat-hombre_textil_shorts","7":"product_tag-adidas","8":"pa_color-unico","9":"pa_talla-m","10":"thunk-woo-product-list","11":"opn-qv-enable","12":"open-woo-hover-","13":"open-single-product-tab-horizontal","14":"open-shadow-","15":"open-shadow-hover-","17":"first","18":"instock","19":"shipping-taxable","20":"purchasable","21":"product-type-variable"},"jetpack_sharing_enabled":true,"_links":{"self":[{"href":"https:\/\/www.deporteseli.com\/index.php?rest_route=\/wp\/v2\/product\/38733","targetHints":{"allow":["GET"]}}],"collection":[{"href":"https:\/\/www.deporteseli.com\/index.php?rest_route=\/wp\/v2\/product"}],"about":[{"href":"https:\/\/www.deporteseli.com\/index.php?rest_route=\/wp\/v2\/types\/product"}],"wp:featuredmedia":[{"embeddable":true,"href":"https:\/\/www.deporteseli.com\/index.php?rest_route=\/wp\/v2\/media\/53098"}],"wp:attachment":[{"href":"https:\/\/www.deporteseli.com\/index.php?rest_route=%2Fwp%2Fv2%2Fmedia&parent=38733"}],"wp:term":[{"taxonomy":"product_brand","embeddable":true,"href":"https:\/\/www.deporteseli.com\/index.php?rest_route=%2Fwp%2Fv2%2Fproduct_brand&post=38733"},{"taxonomy":"product_cat","embeddable":true,"href":"https:\/\/www.deporteseli.com\/index.php?rest_route=%2Fwp%2Fv2%2Fproduct_cat&post=38733"},{"taxonomy":"product_tag","embeddable":true,"href":"https:\/\/www.deporteseli.com\/index.php?rest_route=%2Fwp%2Fv2%2Fproduct_tag&post=38733"}],"curies":[{"name":"wp","href":"https:\/\/api.w.org\/{rel}","templated":true}]}}