{"id":38727,"date":"2026-01-27T18:14:58","date_gmt":"2026-01-27T18:14:58","guid":{"rendered":"https:\/\/www.deporteseli.com\/?product=camiseta-bullpadel-uselo-frambuesa"},"modified":"2026-03-07T05:27:43","modified_gmt":"2026-03-07T05:27:43","slug":"camiseta-bullpadel-uselo-frambuesa","status":"publish","type":"product","link":"https:\/\/www.deporteseli.com\/?product=camiseta-bullpadel-uselo-frambuesa","title":{"rendered":"CAMISETA BULLPADEL USELO FRAMBUESA"},"content":{"rendered":"<p>Camiseta de tirantes de nuestra l\u00ednea Purecolor seleccionada y firmada por nuestra jugadora Gemma Triay.    Presenta un dise\u00f1o elegante con l\u00edneas puras, paneles a contraste y una silueta amplia que favorece la figura femenina, convirti\u00e9ndola en la opci\u00f3n perfecta para nuestras jugadoras m\u00e1s exigentes.     Confeccionada en tejido de Nylon el\u00e1stico, cuenta con tirantes cruzados, escote redondo y una silueta entallada que se adapta al cuerpo durante el juego. Sentir\u00e1s una gran libertad de movimiento gracias a su tejido ultra-ligero de micro-filamentos de poliamida con elast\u00e1n. Adem\u00e1s, incorpora la tecnolog\u00eda Drylum para evitar retener l\u00edquido y para que seque con mayor rapidez.  Color: Frambuesa    Composici\u00f3n: 80% nylon &#8211; 20% elast\u00e1n. Elastic single jersey.    Tejido t\u00e9cnico: Drylum                                                                                                                                                                                                                                                                                                                                                                                                                                                                                                                                                                                                                                                                                                                                                                                                                                                                                                                                                                                                                                        <\/p>\n","protected":false},"excerpt":{"rendered":"<p>CAMISETA BULLPADEL USELO FRAMBUESA<\/p>\n","protected":false},"featured_media":53090,"template":"","meta":[],"product_brand":[],"product_cat":[364],"product_tag":[21],"class_list":{"0":"post-38727","1":"product","2":"type-product","3":"status-publish","4":"has-post-thumbnail","6":"product_cat-padel_y_tenis_textil_camisas","7":"product_tag-bull_padel","8":"pa_color-unico","9":"pa_talla-l","10":"pa_talla-xl","11":"pa_talla-xs","12":"thunk-woo-product-list","13":"opn-qv-enable","14":"open-woo-hover-","15":"open-single-product-tab-horizontal","16":"open-shadow-","17":"open-shadow-hover-","19":"first","20":"instock","21":"shipping-taxable","22":"purchasable","23":"product-type-variable"},"jetpack_sharing_enabled":true,"_links":{"self":[{"href":"https:\/\/www.deporteseli.com\/index.php?rest_route=\/wp\/v2\/product\/38727","targetHints":{"allow":["GET"]}}],"collection":[{"href":"https:\/\/www.deporteseli.com\/index.php?rest_route=\/wp\/v2\/product"}],"about":[{"href":"https:\/\/www.deporteseli.com\/index.php?rest_route=\/wp\/v2\/types\/product"}],"wp:featuredmedia":[{"embeddable":true,"href":"https:\/\/www.deporteseli.com\/index.php?rest_route=\/wp\/v2\/media\/53090"}],"wp:attachment":[{"href":"https:\/\/www.deporteseli.com\/index.php?rest_route=%2Fwp%2Fv2%2Fmedia&parent=38727"}],"wp:term":[{"taxonomy":"product_brand","embeddable":true,"href":"https:\/\/www.deporteseli.com\/index.php?rest_route=%2Fwp%2Fv2%2Fproduct_brand&post=38727"},{"taxonomy":"product_cat","embeddable":true,"href":"https:\/\/www.deporteseli.com\/index.php?rest_route=%2Fwp%2Fv2%2Fproduct_cat&post=38727"},{"taxonomy":"product_tag","embeddable":true,"href":"https:\/\/www.deporteseli.com\/index.php?rest_route=%2Fwp%2Fv2%2Fproduct_tag&post=38727"}],"curies":[{"name":"wp","href":"https:\/\/api.w.org\/{rel}","templated":true}]}}