{"id":38673,"date":"2026-01-27T18:13:43","date_gmt":"2026-01-27T18:13:43","guid":{"rendered":"https:\/\/www.deporteseli.com\/?product=short-bullpadel-noto-azul-bel-air"},"modified":"2026-03-07T05:27:35","modified_gmt":"2026-03-07T05:27:35","slug":"short-bullpadel-noto-azul-bel-air","status":"publish","type":"product","link":"https:\/\/www.deporteseli.com\/?product=short-bullpadel-noto-azul-bel-air","title":{"rendered":"SHORT BULLPADEL NOTO AZUL BEL AIR"},"content":{"rendered":"<p>Short Bullpadel Noto azul bel air   Ya est\u00e1 disponible la colecci\u00f3n textil Bullpadel 2023 donde puedes encontrar el pantal\u00f3n para hombre Noto en color azul y dise\u00f1ado con la tecnolog\u00eda Binamic  Equ\u00edpate solo con ropa de buena calidad gracias a la nueva colecci\u00f3n textil de la marca Bullpadel una de las m\u00e1s esperadas cada temporada por todos los jugadores. Dentro est\u00e1 disponible el pantal\u00f3n Noto dise\u00f1ado para darte el m\u00e1ximo confort mientras juegas a p\u00e1del.     Para su fabricaci\u00f3n se ha empleado el tejido de poli\u00e9ster el cual le da una mayor resistencia a la prenda para que no te tengas que preocupar del desgaste. Adem\u00e1s no impide los movimientos mientras juegas gracias a que se ha dise\u00f1ado con la tecnolog\u00eda Binamic junto al tejido de elastano.      Short Bullpadel Noto en color azul, caracter\u00edsticas  Puedes encontrar el pantal\u00f3n Noto de Bullpadel en una gran variedad de colores.  No sufre el desgaste por el uso o los lavados gracias a su tejido de poli\u00e9ster.   Te da una gran libertad para que puedas moverte sin l\u00edmites gracias al tejido Binamic.   Puedes guardar bolas o el m\u00f3vil en los bolsillos laterales.   Cintura con tiras el\u00e1sticas para que puedas ajustarlo a tu gusto.                                                                                                                                                                                                                                                                                                                                                                                                                                                                                                                                                                                                                                                                                                                                                                                                                                                                                                                                                                                                                                        <\/p>\n","protected":false},"excerpt":{"rendered":"<p>SHORT BULLPADEL NOTO AZUL BEL AIR<\/p>\n","protected":false},"featured_media":53038,"template":"","meta":[],"product_brand":[],"product_cat":[364],"product_tag":[21],"class_list":{"0":"post-38673","1":"product","2":"type-product","3":"status-publish","4":"has-post-thumbnail","6":"product_cat-padel_y_tenis_textil_camisas","7":"product_tag-bull_padel","8":"pa_color-unico","9":"pa_talla-s","10":"thunk-woo-product-list","11":"opn-qv-enable","12":"open-woo-hover-","13":"open-single-product-tab-horizontal","14":"open-shadow-","15":"open-shadow-hover-","17":"first","18":"instock","19":"shipping-taxable","20":"purchasable","21":"product-type-variable"},"jetpack_sharing_enabled":true,"_links":{"self":[{"href":"https:\/\/www.deporteseli.com\/index.php?rest_route=\/wp\/v2\/product\/38673","targetHints":{"allow":["GET"]}}],"collection":[{"href":"https:\/\/www.deporteseli.com\/index.php?rest_route=\/wp\/v2\/product"}],"about":[{"href":"https:\/\/www.deporteseli.com\/index.php?rest_route=\/wp\/v2\/types\/product"}],"wp:featuredmedia":[{"embeddable":true,"href":"https:\/\/www.deporteseli.com\/index.php?rest_route=\/wp\/v2\/media\/53038"}],"wp:attachment":[{"href":"https:\/\/www.deporteseli.com\/index.php?rest_route=%2Fwp%2Fv2%2Fmedia&parent=38673"}],"wp:term":[{"taxonomy":"product_brand","embeddable":true,"href":"https:\/\/www.deporteseli.com\/index.php?rest_route=%2Fwp%2Fv2%2Fproduct_brand&post=38673"},{"taxonomy":"product_cat","embeddable":true,"href":"https:\/\/www.deporteseli.com\/index.php?rest_route=%2Fwp%2Fv2%2Fproduct_cat&post=38673"},{"taxonomy":"product_tag","embeddable":true,"href":"https:\/\/www.deporteseli.com\/index.php?rest_route=%2Fwp%2Fv2%2Fproduct_tag&post=38673"}],"curies":[{"name":"wp","href":"https:\/\/api.w.org\/{rel}","templated":true}]}}