{"id":38666,"date":"2026-01-27T18:13:35","date_gmt":"2026-01-27T18:13:35","guid":{"rendered":"https:\/\/www.deporteseli.com\/?product=short-j-smith-enrie-151"},"modified":"2026-03-07T05:27:29","modified_gmt":"2026-03-07T05:27:29","slug":"short-j-smith-enrie-151","status":"publish","type":"product","link":"https:\/\/www.deporteseli.com\/?product=short-j-smith-enrie-151","title":{"rendered":"SHORT J.SMITH ENRIE-151"},"content":{"rendered":"<p>Bermuda con cinturilla el\u00e1stica de canal\u00e9 y cord\u00f3n. Bolsillos laterales con cremalleras y emblema bordado. Confeccionado french terry de algod\u00f3n y poli\u00e9ster.    COMPOSICI\u00d3N:    65% Poli\u00e9ster    35% Algod\u00f3n    French terry.                                                                                                                                                                                                                                                                                                                                                                                                                                                                                                                                                                                                                                                                                                                                                                                                                                                                                                                                                                                                                                        <\/p>\n","protected":false},"excerpt":{"rendered":"<p>SHORT J.SMITH ENRIE-151<\/p>\n","protected":false},"featured_media":53026,"template":"","meta":[],"product_brand":[],"product_cat":[250],"product_tag":[43],"class_list":{"0":"post-38666","1":"product","2":"type-product","3":"status-publish","4":"has-post-thumbnail","6":"product_cat-hombre_textil_bermudas","7":"product_tag-jhon_smith","8":"pa_color-unico","9":"pa_talla-44-5","10":"thunk-woo-product-list","11":"opn-qv-enable","12":"open-woo-hover-","13":"open-single-product-tab-horizontal","14":"open-shadow-","15":"open-shadow-hover-","17":"first","18":"instock","19":"shipping-taxable","20":"purchasable","21":"product-type-variable"},"jetpack_sharing_enabled":true,"_links":{"self":[{"href":"https:\/\/www.deporteseli.com\/index.php?rest_route=\/wp\/v2\/product\/38666","targetHints":{"allow":["GET"]}}],"collection":[{"href":"https:\/\/www.deporteseli.com\/index.php?rest_route=\/wp\/v2\/product"}],"about":[{"href":"https:\/\/www.deporteseli.com\/index.php?rest_route=\/wp\/v2\/types\/product"}],"wp:featuredmedia":[{"embeddable":true,"href":"https:\/\/www.deporteseli.com\/index.php?rest_route=\/wp\/v2\/media\/53026"}],"wp:attachment":[{"href":"https:\/\/www.deporteseli.com\/index.php?rest_route=%2Fwp%2Fv2%2Fmedia&parent=38666"}],"wp:term":[{"taxonomy":"product_brand","embeddable":true,"href":"https:\/\/www.deporteseli.com\/index.php?rest_route=%2Fwp%2Fv2%2Fproduct_brand&post=38666"},{"taxonomy":"product_cat","embeddable":true,"href":"https:\/\/www.deporteseli.com\/index.php?rest_route=%2Fwp%2Fv2%2Fproduct_cat&post=38666"},{"taxonomy":"product_tag","embeddable":true,"href":"https:\/\/www.deporteseli.com\/index.php?rest_route=%2Fwp%2Fv2%2Fproduct_tag&post=38666"}],"curies":[{"name":"wp","href":"https:\/\/api.w.org\/{rel}","templated":true}]}}