{"id":38662,"date":"2026-01-27T18:13:30","date_gmt":"2026-01-27T18:13:30","guid":{"rendered":"https:\/\/www.deporteseli.com\/?product=chancla-adilette-aqua-7"},"modified":"2026-01-27T18:13:34","modified_gmt":"2026-01-27T18:13:34","slug":"chancla-adilette-aqua-7","status":"publish","type":"product","link":"https:\/\/www.deporteseli.com\/?product=chancla-adilette-aqua-7","title":{"rendered":"CHANCLA ADILETTE AQUA"},"content":{"rendered":"<p>LA AUTENTICIDAD DEL ORIGINAL  Un estilo ic\u00f3nico para superficies resbaladizas. Esta chancla de secado r\u00e1pido presenta una banda superior con las cl\u00e1sicas 3 bandas. La plantilla moldeada te ofrece una comodidad total al entrar y salir de la ducha.  Horma cl\u00e1sica  Sin cordones  Parte superior con una sola banda de material sint\u00e9tico  Suela sint\u00e9tica  forro sint\u00e9tico  Plantilla Cloudfoam suave  Materiales de secado r\u00e1pido  Color del art\u00edculo: Wonder Mauve \/ Wonder White \/ Wonder Mauve  N\u00famero de art\u00edculo: GZ5877                                                                                                                                                                                                                                                                                                                                                                                                                                                                                                                                                                                                                                                                                                                                                                                                                                                                                                                                                                                                                                        <\/p>\n","protected":false},"excerpt":{"rendered":"<p>CHANCLA ADILETTE AQUA<\/p>\n","protected":false},"featured_media":53021,"template":"","meta":[],"product_brand":[],"product_cat":[291],"product_tag":[18],"class_list":{"0":"post-38662","1":"product","2":"type-product","3":"status-publish","4":"has-post-thumbnail","6":"product_cat-mujer_calzado_cholas","7":"product_tag-adidas","8":"pa_color-unico","9":"pa_talla-143","10":"pa_talla-145","11":"pa_talla-40-5","12":"thunk-woo-product-list","13":"opn-qv-enable","14":"open-woo-hover-","15":"open-single-product-tab-horizontal","16":"open-shadow-","17":"open-shadow-hover-","19":"first","20":"instock","21":"shipping-taxable","22":"purchasable","23":"product-type-variable"},"jetpack_sharing_enabled":true,"_links":{"self":[{"href":"https:\/\/www.deporteseli.com\/index.php?rest_route=\/wp\/v2\/product\/38662","targetHints":{"allow":["GET"]}}],"collection":[{"href":"https:\/\/www.deporteseli.com\/index.php?rest_route=\/wp\/v2\/product"}],"about":[{"href":"https:\/\/www.deporteseli.com\/index.php?rest_route=\/wp\/v2\/types\/product"}],"wp:featuredmedia":[{"embeddable":true,"href":"https:\/\/www.deporteseli.com\/index.php?rest_route=\/wp\/v2\/media\/53021"}],"wp:attachment":[{"href":"https:\/\/www.deporteseli.com\/index.php?rest_route=%2Fwp%2Fv2%2Fmedia&parent=38662"}],"wp:term":[{"taxonomy":"product_brand","embeddable":true,"href":"https:\/\/www.deporteseli.com\/index.php?rest_route=%2Fwp%2Fv2%2Fproduct_brand&post=38662"},{"taxonomy":"product_cat","embeddable":true,"href":"https:\/\/www.deporteseli.com\/index.php?rest_route=%2Fwp%2Fv2%2Fproduct_cat&post=38662"},{"taxonomy":"product_tag","embeddable":true,"href":"https:\/\/www.deporteseli.com\/index.php?rest_route=%2Fwp%2Fv2%2Fproduct_tag&post=38662"}],"curies":[{"name":"wp","href":"https:\/\/api.w.org\/{rel}","templated":true}]}}