{"id":38659,"date":"2026-01-27T18:13:27","date_gmt":"2026-01-27T18:13:27","guid":{"rendered":"https:\/\/www.deporteseli.com\/?product=puma-ultra-protect-3-rc"},"modified":"2026-01-27T18:13:29","modified_gmt":"2026-01-27T18:13:29","slug":"puma-ultra-protect-3-rc","status":"publish","type":"product","link":"https:\/\/www.deporteseli.com\/?product=puma-ultra-protect-3-rc","title":{"rendered":"PUMA ULTRA PROTECT 3 RC"},"content":{"rendered":"<p>Multi Grip de 3 mm: espuma de l\u00e1tex extremadamente duradera pero suave, especialmente desarrollada para canchas duras y sesiones de entrenamiento.  Cortar    Corte regular : las costuras de la base y los dedos est\u00e1n cosidas externamente para lograr un ajuste tradicional plano y extendido con la m\u00e1xima \u00e1rea de captura. Gianluigi Buffon, por ejemplo, tambi\u00e9n juega con una costura exterior en sus guantes Puma.  Rev\u00e9s    L\u00e1tex: El material de l\u00e1tex en el dorso de la mano impresiona por su suavidad y durabilidad. Da comodidad al portero y mayor seguridad a la hora de golpear.  Cierre    Vendaje el\u00e1stico para la mu\u00f1eca con una correa completamente envolvente para mayor estabilidad y un ajuste seguro en la mu\u00f1eca.  Protecci\u00f3n de dedos    Puma Finger Protection: La tecnolog\u00eda Puma PFP est\u00e1 espec\u00edficamente dise\u00f1ada para proteger a los porteros de lesiones provocadas por el impacto del bal\u00f3n. En un \u00e1ngulo de 180\u00b0 bloquea el PFP y por lo tanto protege los dedos de estiramientos excesivos. Esto reduce significativamente el riesgo de lesiones en los dedos o las manos. Las varillas PFP est\u00e1n ubicadas en t\u00faneles especialmente dise\u00f1ados hechos de material amortiguador.                                                                                                                                                                                                                                                                                                                                                                                                                                                                                                                                                                                                                                                                                                                                                                                                                                                                                                                                                                                                                                        <\/p>\n","protected":false},"excerpt":{"rendered":"<p>PUMA ULTRA PROTECT 3 RC<\/p>\n","protected":false},"featured_media":53020,"template":"","meta":[],"product_brand":[],"product_cat":[322],"product_tag":[32],"class_list":{"0":"post-38659","1":"product","2":"type-product","3":"status-publish","4":"has-post-thumbnail","6":"product_cat-deportes_futbol_guantes_portero","7":"product_tag-puma","8":"pa_color-unico","9":"pa_talla-171","10":"pa_talla-t-8","11":"thunk-woo-product-list","12":"opn-qv-enable","13":"open-woo-hover-","14":"open-single-product-tab-horizontal","15":"open-shadow-","16":"open-shadow-hover-","18":"first","19":"instock","20":"shipping-taxable","21":"purchasable","22":"product-type-variable"},"jetpack_sharing_enabled":true,"_links":{"self":[{"href":"https:\/\/www.deporteseli.com\/index.php?rest_route=\/wp\/v2\/product\/38659","targetHints":{"allow":["GET"]}}],"collection":[{"href":"https:\/\/www.deporteseli.com\/index.php?rest_route=\/wp\/v2\/product"}],"about":[{"href":"https:\/\/www.deporteseli.com\/index.php?rest_route=\/wp\/v2\/types\/product"}],"wp:featuredmedia":[{"embeddable":true,"href":"https:\/\/www.deporteseli.com\/index.php?rest_route=\/wp\/v2\/media\/53020"}],"wp:attachment":[{"href":"https:\/\/www.deporteseli.com\/index.php?rest_route=%2Fwp%2Fv2%2Fmedia&parent=38659"}],"wp:term":[{"taxonomy":"product_brand","embeddable":true,"href":"https:\/\/www.deporteseli.com\/index.php?rest_route=%2Fwp%2Fv2%2Fproduct_brand&post=38659"},{"taxonomy":"product_cat","embeddable":true,"href":"https:\/\/www.deporteseli.com\/index.php?rest_route=%2Fwp%2Fv2%2Fproduct_cat&post=38659"},{"taxonomy":"product_tag","embeddable":true,"href":"https:\/\/www.deporteseli.com\/index.php?rest_route=%2Fwp%2Fv2%2Fproduct_tag&post=38659"}],"curies":[{"name":"wp","href":"https:\/\/api.w.org\/{rel}","templated":true}]}}