{"id":38652,"date":"2026-01-27T18:13:19","date_gmt":"2026-01-27T18:13:19","guid":{"rendered":"https:\/\/www.deporteseli.com\/?product=k-swiss-express-light-3-hb-peacoat-mars-red"},"modified":"2026-01-27T18:13:26","modified_gmt":"2026-01-27T18:13:26","slug":"k-swiss-express-light-3-hb-peacoat-mars-red","status":"publish","type":"product","link":"https:\/\/www.deporteseli.com\/?product=k-swiss-express-light-3-hb-peacoat-mars-red","title":{"rendered":"K-SWISS EXPRESS LIGHT 3 HB PEACOAT\/MARS RED"},"content":{"rendered":"<p>La K-Swiss Express Light 3 HB Peacoat\/Mars Red es una zapatilla de tenis y p\u00e1del moderna, ligera y de alto rendimiento de la colecci\u00f3n K-Swiss. Este zapato tiene las siguientes especificaciones:    P\u00fablico objetivo: hombres que buscan una zapatilla de tenis y p\u00e1del original y flexible.  Superficie: pistas de c\u00e9sped artificial y tierra batida, y pistas de p\u00e1del  Color: azul oscuro\/rojo  Calce: Regular a ancho, c\u00f3modo  Suela: m\u00e1xima absorci\u00f3n de impactos, perfil en espiga                                                                                                                                                                                                                                                                                                                                                                                                                                                                                                                                                                                                                                                                                                                                                                                                                                                                                                                                                                                                                                        <\/p>\n","protected":false},"excerpt":{"rendered":"<p>K-SWISS EXPRESS LIGHT 3 HB PEACOAT\/MARS RED<\/p>\n","protected":false},"featured_media":53019,"template":"","meta":[],"product_brand":[],"product_cat":[371],"product_tag":[26],"class_list":{"0":"post-38652","1":"product","2":"type-product","3":"status-publish","4":"has-post-thumbnail","6":"product_cat-padel_y_tenis_calzado","7":"product_tag-k-swiss","8":"pa_color-unico","9":"pa_talla-41-5","10":"pa_talla-153","11":"pa_talla-42-5","12":"pa_talla-155","13":"pa_talla-157","14":"pa_talla-161","15":"thunk-woo-product-list","16":"opn-qv-enable","17":"open-woo-hover-","18":"open-single-product-tab-horizontal","19":"open-shadow-","20":"open-shadow-hover-","22":"first","23":"instock","24":"sale","25":"shipping-taxable","26":"purchasable","27":"product-type-variable"},"jetpack_sharing_enabled":true,"_links":{"self":[{"href":"https:\/\/www.deporteseli.com\/index.php?rest_route=\/wp\/v2\/product\/38652","targetHints":{"allow":["GET"]}}],"collection":[{"href":"https:\/\/www.deporteseli.com\/index.php?rest_route=\/wp\/v2\/product"}],"about":[{"href":"https:\/\/www.deporteseli.com\/index.php?rest_route=\/wp\/v2\/types\/product"}],"wp:featuredmedia":[{"embeddable":true,"href":"https:\/\/www.deporteseli.com\/index.php?rest_route=\/wp\/v2\/media\/53019"}],"wp:attachment":[{"href":"https:\/\/www.deporteseli.com\/index.php?rest_route=%2Fwp%2Fv2%2Fmedia&parent=38652"}],"wp:term":[{"taxonomy":"product_brand","embeddable":true,"href":"https:\/\/www.deporteseli.com\/index.php?rest_route=%2Fwp%2Fv2%2Fproduct_brand&post=38652"},{"taxonomy":"product_cat","embeddable":true,"href":"https:\/\/www.deporteseli.com\/index.php?rest_route=%2Fwp%2Fv2%2Fproduct_cat&post=38652"},{"taxonomy":"product_tag","embeddable":true,"href":"https:\/\/www.deporteseli.com\/index.php?rest_route=%2Fwp%2Fv2%2Fproduct_tag&post=38652"}],"curies":[{"name":"wp","href":"https:\/\/api.w.org\/{rel}","templated":true}]}}