{"id":38627,"date":"2026-01-27T18:12:43","date_gmt":"2026-01-27T18:12:43","guid":{"rendered":"https:\/\/www.deporteseli.com\/?product=mallas-cortas-para-mujer-adidas"},"modified":"2026-03-07T05:27:02","modified_gmt":"2026-03-07T05:27:02","slug":"mallas-cortas-para-mujer-adidas","status":"publish","type":"product","link":"https:\/\/www.deporteseli.com\/?product=mallas-cortas-para-mujer-adidas","title":{"rendered":"MALLAS CORTAS PARA MUJER ADIDAS"},"content":{"rendered":"<p>Mallas cortas para mujer adidas Optime Training Bike  No importa c\u00f3mo te sientas cuando empieces a entrenar. Lo que cuenta es c\u00f3mo te sientes al final. Porque hay una raz\u00f3n por la que sigues apareciendo, y sea cual sea, estas mallas cortas adidas la apoyan. La estructura ajustada y el\u00e1stica favorece la amplitud de movimiento en todos los sentidos. La cintura alta, que se mantiene en su sitio, te cubre y te mantiene en tu sitio. El AEROREADY te mantiene seco y c\u00f3modo durante toda la carrera.    Ajuste estrecho                                                                                                                                                                                                                                                                                                                                                                                                                                                                                                                                                                                                                                                                                                                                                                                                                                                                                                                                                                                                                                        <\/p>\n","protected":false},"excerpt":{"rendered":"<p>MALLAS CORTAS PARA MUJER ADIDAS<\/p>\n","protected":false},"featured_media":52998,"template":"","meta":[],"product_brand":[],"product_cat":[277],"product_tag":[18],"class_list":{"0":"post-38627","1":"product","2":"type-product","3":"status-publish","4":"has-post-thumbnail","6":"product_cat-mujer_textil_shorts","7":"product_tag-adidas","8":"pa_color-unico","9":"pa_talla-xs","10":"thunk-woo-product-list","11":"opn-qv-enable","12":"open-woo-hover-","13":"open-single-product-tab-horizontal","14":"open-shadow-","15":"open-shadow-hover-","17":"first","18":"instock","19":"shipping-taxable","20":"purchasable","21":"product-type-variable"},"jetpack_sharing_enabled":true,"_links":{"self":[{"href":"https:\/\/www.deporteseli.com\/index.php?rest_route=\/wp\/v2\/product\/38627","targetHints":{"allow":["GET"]}}],"collection":[{"href":"https:\/\/www.deporteseli.com\/index.php?rest_route=\/wp\/v2\/product"}],"about":[{"href":"https:\/\/www.deporteseli.com\/index.php?rest_route=\/wp\/v2\/types\/product"}],"wp:featuredmedia":[{"embeddable":true,"href":"https:\/\/www.deporteseli.com\/index.php?rest_route=\/wp\/v2\/media\/52998"}],"wp:attachment":[{"href":"https:\/\/www.deporteseli.com\/index.php?rest_route=%2Fwp%2Fv2%2Fmedia&parent=38627"}],"wp:term":[{"taxonomy":"product_brand","embeddable":true,"href":"https:\/\/www.deporteseli.com\/index.php?rest_route=%2Fwp%2Fv2%2Fproduct_brand&post=38627"},{"taxonomy":"product_cat","embeddable":true,"href":"https:\/\/www.deporteseli.com\/index.php?rest_route=%2Fwp%2Fv2%2Fproduct_cat&post=38627"},{"taxonomy":"product_tag","embeddable":true,"href":"https:\/\/www.deporteseli.com\/index.php?rest_route=%2Fwp%2Fv2%2Fproduct_tag&post=38627"}],"curies":[{"name":"wp","href":"https:\/\/api.w.org\/{rel}","templated":true}]}}