{"id":38604,"date":"2026-01-27T18:12:14","date_gmt":"2026-01-27T18:12:14","guid":{"rendered":"https:\/\/www.deporteseli.com\/?product=camisa-wilson-w91m314123"},"modified":"2026-03-07T05:26:39","modified_gmt":"2026-03-07T05:26:39","slug":"camisa-wilson-w91m314123","status":"publish","type":"product","link":"https:\/\/www.deporteseli.com\/?product=camisa-wilson-w91m314123","title":{"rendered":"CAMISA WILSON W91M314123"},"content":{"rendered":"<p>Vista General  La camiseta elegida por una leyenda del p\u00e1del en plena competici\u00f3n, la camiseta de cuello redondo sin costuras Bela proporciona un ajuste c\u00f3modo y sin abrasi\u00f3n, adem\u00e1s de una amplia transpirabilidad. Su composici\u00f3n ligera y sin costuras permite un estiramiento y una recuperaci\u00f3n m\u00e1ximos, por lo que podr\u00e1s definir tus propios l\u00edmites.                                                                                                                                                                                                                                                                                                                                                                                                                                                                                                                                                                                                                                                                                                                                                                                                                                                                                                                                                                                                                                        <\/p>\n","protected":false},"excerpt":{"rendered":"<p>CAMISA WILSON W91M314123<\/p>\n","protected":false},"featured_media":52975,"template":"","meta":[],"product_brand":[],"product_cat":[364],"product_tag":[57],"class_list":{"0":"post-38604","1":"product","2":"type-product","3":"status-publish","4":"has-post-thumbnail","6":"product_cat-padel_y_tenis_textil_camisas","7":"product_tag-wilson","8":"pa_color-unico","9":"pa_talla-s","10":"thunk-woo-product-list","11":"opn-qv-enable","12":"open-woo-hover-","13":"open-single-product-tab-horizontal","14":"open-shadow-","15":"open-shadow-hover-","17":"first","18":"instock","19":"shipping-taxable","20":"purchasable","21":"product-type-variable"},"jetpack_sharing_enabled":true,"_links":{"self":[{"href":"https:\/\/www.deporteseli.com\/index.php?rest_route=\/wp\/v2\/product\/38604","targetHints":{"allow":["GET"]}}],"collection":[{"href":"https:\/\/www.deporteseli.com\/index.php?rest_route=\/wp\/v2\/product"}],"about":[{"href":"https:\/\/www.deporteseli.com\/index.php?rest_route=\/wp\/v2\/types\/product"}],"wp:featuredmedia":[{"embeddable":true,"href":"https:\/\/www.deporteseli.com\/index.php?rest_route=\/wp\/v2\/media\/52975"}],"wp:attachment":[{"href":"https:\/\/www.deporteseli.com\/index.php?rest_route=%2Fwp%2Fv2%2Fmedia&parent=38604"}],"wp:term":[{"taxonomy":"product_brand","embeddable":true,"href":"https:\/\/www.deporteseli.com\/index.php?rest_route=%2Fwp%2Fv2%2Fproduct_brand&post=38604"},{"taxonomy":"product_cat","embeddable":true,"href":"https:\/\/www.deporteseli.com\/index.php?rest_route=%2Fwp%2Fv2%2Fproduct_cat&post=38604"},{"taxonomy":"product_tag","embeddable":true,"href":"https:\/\/www.deporteseli.com\/index.php?rest_route=%2Fwp%2Fv2%2Fproduct_tag&post=38604"}],"curies":[{"name":"wp","href":"https:\/\/api.w.org\/{rel}","templated":true}]}}