{"id":38598,"date":"2026-01-27T18:12:04","date_gmt":"2026-01-27T18:12:04","guid":{"rendered":"https:\/\/www.deporteseli.com\/?product=lee-ellesse-sara3020"},"modified":"2026-01-27T18:12:06","modified_gmt":"2026-01-27T18:12:06","slug":"lee-ellesse-sara3020","status":"publish","type":"product","link":"https:\/\/www.deporteseli.com\/?product=lee-ellesse-sara3020","title":{"rendered":"LEE ELLESSE SARA3020"},"content":{"rendered":"<p>El sombrero de pescador de Tomma. Dise\u00f1ado para atraer miradas, nuestra colecci\u00f3n Reflective est\u00e1 aqu\u00ed. Un esencial de verano, mant\u00e9n tu cabeza cubierta (y con estilo) esta temporada. Con un borde de 360 grados, nuestro logotipo de Ellesse en la parte delantera estampa la pieza con la aprobaci\u00f3n de la marca.                                                                                                                                                                                                                                                                                                                                                                                                                                                                                                                                                                                                                                                                                                                                                                                                                                                                                                                                                                                                                                        <\/p>\n","protected":false},"excerpt":{"rendered":"<p>LEE ELLESSE SARA3020<\/p>\n","protected":false},"featured_media":52968,"template":"","meta":[],"product_brand":[],"product_cat":[399],"product_tag":[52],"class_list":{"0":"post-38598","1":"product","2":"type-product","3":"status-publish","4":"has-post-thumbnail","6":"product_cat-accesorios_gorras","7":"product_tag-ellesse","8":"pa_color-unico","9":"pa_talla-unica","10":"thunk-woo-product-list","11":"opn-qv-enable","12":"open-woo-hover-","13":"open-single-product-tab-horizontal","14":"open-shadow-","15":"open-shadow-hover-","17":"first","18":"instock","19":"shipping-taxable","20":"purchasable","21":"product-type-variable"},"jetpack_sharing_enabled":true,"_links":{"self":[{"href":"https:\/\/www.deporteseli.com\/index.php?rest_route=\/wp\/v2\/product\/38598","targetHints":{"allow":["GET"]}}],"collection":[{"href":"https:\/\/www.deporteseli.com\/index.php?rest_route=\/wp\/v2\/product"}],"about":[{"href":"https:\/\/www.deporteseli.com\/index.php?rest_route=\/wp\/v2\/types\/product"}],"wp:featuredmedia":[{"embeddable":true,"href":"https:\/\/www.deporteseli.com\/index.php?rest_route=\/wp\/v2\/media\/52968"}],"wp:attachment":[{"href":"https:\/\/www.deporteseli.com\/index.php?rest_route=%2Fwp%2Fv2%2Fmedia&parent=38598"}],"wp:term":[{"taxonomy":"product_brand","embeddable":true,"href":"https:\/\/www.deporteseli.com\/index.php?rest_route=%2Fwp%2Fv2%2Fproduct_brand&post=38598"},{"taxonomy":"product_cat","embeddable":true,"href":"https:\/\/www.deporteseli.com\/index.php?rest_route=%2Fwp%2Fv2%2Fproduct_cat&post=38598"},{"taxonomy":"product_tag","embeddable":true,"href":"https:\/\/www.deporteseli.com\/index.php?rest_route=%2Fwp%2Fv2%2Fproduct_tag&post=38598"}],"curies":[{"name":"wp","href":"https:\/\/api.w.org\/{rel}","templated":true}]}}