{"id":38586,"date":"2026-01-27T18:11:48","date_gmt":"2026-01-27T18:11:48","guid":{"rendered":"https:\/\/www.deporteseli.com\/?product=short-ellesse-ser17884"},"modified":"2026-03-07T05:26:22","modified_gmt":"2026-03-07T05:26:22","slug":"short-ellesse-ser17884","status":"publish","type":"product","link":"https:\/\/www.deporteseli.com\/?product=short-ellesse-ser17884","title":{"rendered":"SHORT ELLESSE SER17884"},"content":{"rendered":"<p>Los shorts Steady. Corte est\u00e1ndar con cinturilla el\u00e1stica con cordones para un calce optimizado, est\u00e1n confeccionados con un tejido transpirable que absorbe la humedad y acabados con bolsillos laterales y nuestra marca bordada. Elegir una prenda para la cancha nunca ha sido tan f\u00e1cil.                                                                                                                                                                                                                                                                                                                                                                                                                                                                                                                                                                                                                                                                                                                                                                                                                                                                                                                                                                                                                                        <\/p>\n","protected":false},"excerpt":{"rendered":"<p>SHORT ELLESSE SER17884<\/p>\n","protected":false},"featured_media":52956,"template":"","meta":[],"product_brand":[],"product_cat":[246],"product_tag":[52],"class_list":{"0":"post-38586","1":"product","2":"type-product","3":"status-publish","4":"has-post-thumbnail","6":"product_cat-hombre_textil_banadores","7":"product_tag-ellesse","8":"pa_color-unico","9":"pa_talla-l","10":"thunk-woo-product-list","11":"opn-qv-enable","12":"open-woo-hover-","13":"open-single-product-tab-horizontal","14":"open-shadow-","15":"open-shadow-hover-","17":"first","18":"instock","19":"shipping-taxable","20":"purchasable","21":"product-type-variable"},"jetpack_sharing_enabled":true,"_links":{"self":[{"href":"https:\/\/www.deporteseli.com\/index.php?rest_route=\/wp\/v2\/product\/38586","targetHints":{"allow":["GET"]}}],"collection":[{"href":"https:\/\/www.deporteseli.com\/index.php?rest_route=\/wp\/v2\/product"}],"about":[{"href":"https:\/\/www.deporteseli.com\/index.php?rest_route=\/wp\/v2\/types\/product"}],"wp:featuredmedia":[{"embeddable":true,"href":"https:\/\/www.deporteseli.com\/index.php?rest_route=\/wp\/v2\/media\/52956"}],"wp:attachment":[{"href":"https:\/\/www.deporteseli.com\/index.php?rest_route=%2Fwp%2Fv2%2Fmedia&parent=38586"}],"wp:term":[{"taxonomy":"product_brand","embeddable":true,"href":"https:\/\/www.deporteseli.com\/index.php?rest_route=%2Fwp%2Fv2%2Fproduct_brand&post=38586"},{"taxonomy":"product_cat","embeddable":true,"href":"https:\/\/www.deporteseli.com\/index.php?rest_route=%2Fwp%2Fv2%2Fproduct_cat&post=38586"},{"taxonomy":"product_tag","embeddable":true,"href":"https:\/\/www.deporteseli.com\/index.php?rest_route=%2Fwp%2Fv2%2Fproduct_tag&post=38586"}],"curies":[{"name":"wp","href":"https:\/\/api.w.org\/{rel}","templated":true}]}}