{"id":38565,"date":"2026-01-27T18:11:21","date_gmt":"2026-01-27T18:11:21","guid":{"rendered":"https:\/\/www.deporteseli.com\/?product=camisa-ellesse-shr06453"},"modified":"2026-03-07T05:25:58","modified_gmt":"2026-03-07T05:25:58","slug":"camisa-ellesse-shr06453","status":"publish","type":"product","link":"https:\/\/www.deporteseli.com\/?product=camisa-ellesse-shr06453","title":{"rendered":"CAMISA ELLESSE SHR06453"},"content":{"rendered":"<p>La camiseta Aprel. Incorpora un cl\u00e1sico de Ellesse a tu colecci\u00f3n de camisetas. Confeccionada en 100 % algod\u00f3n, Viene en un corte est\u00e1ndar y presenta un estampado gr\u00e1fico de plastisol en el pecho. Vestimenta casual, prolija.                                                                                                                                                                                                                                                                                                                                                                                                                                                                                                                                                                                                                                                                                                                                                                                                                                                                                                                                                                                                                                        <\/p>\n","protected":false},"excerpt":{"rendered":"<p>CAMISA ELLESSE SHR06453<\/p>\n","protected":false},"featured_media":52933,"template":"","meta":[],"product_brand":[],"product_cat":[245],"product_tag":[52],"class_list":{"0":"post-38565","1":"product","2":"type-product","3":"status-publish","4":"has-post-thumbnail","6":"product_cat-hombre_textil_camisetas","7":"product_tag-ellesse","8":"pa_color-unico","9":"pa_talla-xl","10":"thunk-woo-product-list","11":"opn-qv-enable","12":"open-woo-hover-","13":"open-single-product-tab-horizontal","14":"open-shadow-","15":"open-shadow-hover-","17":"first","18":"instock","19":"shipping-taxable","20":"purchasable","21":"product-type-variable"},"jetpack_sharing_enabled":true,"_links":{"self":[{"href":"https:\/\/www.deporteseli.com\/index.php?rest_route=\/wp\/v2\/product\/38565","targetHints":{"allow":["GET"]}}],"collection":[{"href":"https:\/\/www.deporteseli.com\/index.php?rest_route=\/wp\/v2\/product"}],"about":[{"href":"https:\/\/www.deporteseli.com\/index.php?rest_route=\/wp\/v2\/types\/product"}],"wp:featuredmedia":[{"embeddable":true,"href":"https:\/\/www.deporteseli.com\/index.php?rest_route=\/wp\/v2\/media\/52933"}],"wp:attachment":[{"href":"https:\/\/www.deporteseli.com\/index.php?rest_route=%2Fwp%2Fv2%2Fmedia&parent=38565"}],"wp:term":[{"taxonomy":"product_brand","embeddable":true,"href":"https:\/\/www.deporteseli.com\/index.php?rest_route=%2Fwp%2Fv2%2Fproduct_brand&post=38565"},{"taxonomy":"product_cat","embeddable":true,"href":"https:\/\/www.deporteseli.com\/index.php?rest_route=%2Fwp%2Fv2%2Fproduct_cat&post=38565"},{"taxonomy":"product_tag","embeddable":true,"href":"https:\/\/www.deporteseli.com\/index.php?rest_route=%2Fwp%2Fv2%2Fproduct_tag&post=38565"}],"curies":[{"name":"wp","href":"https:\/\/api.w.org\/{rel}","templated":true}]}}