{"id":38552,"date":"2026-01-27T18:11:04","date_gmt":"2026-01-27T18:11:04","guid":{"rendered":"https:\/\/www.deporteseli.com\/?product=espinilleras-puma-ultra-light-sleeve"},"modified":"2026-01-27T18:11:06","modified_gmt":"2026-01-27T18:11:06","slug":"espinilleras-puma-ultra-light-sleeve","status":"publish","type":"product","link":"https:\/\/www.deporteseli.com\/?product=espinilleras-puma-ultra-light-sleeve","title":{"rendered":"ESPINILLERAS PUMA ULTRA LIGHT SLEEVE"},"content":{"rendered":"<p>CMEVA: El material de EVA moldeado por compresi\u00f3n de PUMA para un rendimiento ligero  Exterior de PP altamente resistente  Reverso perforado de CMEVA para mayor comodidad y absorci\u00f3n de los impactos  Confecci\u00f3n ajustable con dos correas para un ajuste seguro  Protecci\u00f3n de PP 100 %  Acolchado: 100% Etilvinilacetato                                                                                                                                                                                                                                                                                                                                                                                                                                                                                                                                                                                                                                                                                                                                                                                                                                                                                                                                                                                                                                        <\/p>\n","protected":false},"excerpt":{"rendered":"<p>ESPINILLERAS PUMA ULTRA LIGHT SLEEVE<\/p>\n","protected":false},"featured_media":52926,"template":"","meta":[],"product_brand":[],"product_cat":[324],"product_tag":[32],"class_list":{"0":"post-38552","1":"product","2":"type-product","3":"status-publish","4":"has-post-thumbnail","6":"product_cat-deportes_futbol_canilleras","7":"product_tag-puma","8":"pa_color-unico","9":"pa_talla-xl","10":"thunk-woo-product-list","11":"opn-qv-enable","12":"open-woo-hover-","13":"open-single-product-tab-horizontal","14":"open-shadow-","15":"open-shadow-hover-","17":"first","18":"instock","19":"shipping-taxable","20":"purchasable","21":"product-type-variable"},"jetpack_sharing_enabled":true,"_links":{"self":[{"href":"https:\/\/www.deporteseli.com\/index.php?rest_route=\/wp\/v2\/product\/38552","targetHints":{"allow":["GET"]}}],"collection":[{"href":"https:\/\/www.deporteseli.com\/index.php?rest_route=\/wp\/v2\/product"}],"about":[{"href":"https:\/\/www.deporteseli.com\/index.php?rest_route=\/wp\/v2\/types\/product"}],"wp:featuredmedia":[{"embeddable":true,"href":"https:\/\/www.deporteseli.com\/index.php?rest_route=\/wp\/v2\/media\/52926"}],"wp:attachment":[{"href":"https:\/\/www.deporteseli.com\/index.php?rest_route=%2Fwp%2Fv2%2Fmedia&parent=38552"}],"wp:term":[{"taxonomy":"product_brand","embeddable":true,"href":"https:\/\/www.deporteseli.com\/index.php?rest_route=%2Fwp%2Fv2%2Fproduct_brand&post=38552"},{"taxonomy":"product_cat","embeddable":true,"href":"https:\/\/www.deporteseli.com\/index.php?rest_route=%2Fwp%2Fv2%2Fproduct_cat&post=38552"},{"taxonomy":"product_tag","embeddable":true,"href":"https:\/\/www.deporteseli.com\/index.php?rest_route=%2Fwp%2Fv2%2Fproduct_tag&post=38552"}],"curies":[{"name":"wp","href":"https:\/\/api.w.org\/{rel}","templated":true}]}}