{"id":38546,"date":"2026-01-27T18:10:57","date_gmt":"2026-01-27T18:10:57","guid":{"rendered":"https:\/\/www.deporteseli.com\/?product=pantalones-cortos-para-ninos-adidas"},"modified":"2026-03-07T05:25:52","modified_gmt":"2026-03-07T05:25:52","slug":"pantalones-cortos-para-ninos-adidas","status":"publish","type":"product","link":"https:\/\/www.deporteseli.com\/?product=pantalones-cortos-para-ninos-adidas","title":{"rendered":"PANTALONES CORTOS PARA NI\u00f1OS ADIDAS"},"content":{"rendered":"<p>Pantalones cortos para ni\u00f1os adidas 3-Stripes Essentials Aeroready  Ya sea capturando la bandera, entrenando con tu equipo o jugando en solitario, c\u00e9ntrate en divertirte con estos pantalones cortos para ni\u00f1os de adidas. La tecnolog\u00eda AEROREADY gestiona la humedad para mantenerte seco. El suave tejido te da mucho espacio para moverte, y las 3 rayas deportivas ponen el poder del estilo ic\u00f3nico de tu lado.Fabricado con materiales 100% reciclados, este producto representa una de nuestras soluciones para ayudar a acabar con los residuos de pl\u00e1stico. Ajuste regular                                                                                                                                                                                                                                                                                                                                                                                                                                                                                                                                                                                                                                                                                                                                                                                                                                                                                                                                                                                                                                        <\/p>\n","protected":false},"excerpt":{"rendered":"<p>PANTALONES CORTOS PARA NI\u00f1OS ADIDAS<\/p>\n","protected":false},"featured_media":52917,"template":"","meta":[],"product_brand":[],"product_cat":[299],"product_tag":[18],"class_list":{"0":"post-38546","1":"product","2":"type-product","3":"status-publish","4":"has-post-thumbnail","6":"product_cat-nino_textil_bermudas","7":"product_tag-adidas","8":"pa_color-unico","9":"pa_talla-t-10","10":"thunk-woo-product-list","11":"opn-qv-enable","12":"open-woo-hover-","13":"open-single-product-tab-horizontal","14":"open-shadow-","15":"open-shadow-hover-","17":"first","18":"instock","19":"shipping-taxable","20":"purchasable","21":"product-type-variable"},"jetpack_sharing_enabled":true,"_links":{"self":[{"href":"https:\/\/www.deporteseli.com\/index.php?rest_route=\/wp\/v2\/product\/38546","targetHints":{"allow":["GET"]}}],"collection":[{"href":"https:\/\/www.deporteseli.com\/index.php?rest_route=\/wp\/v2\/product"}],"about":[{"href":"https:\/\/www.deporteseli.com\/index.php?rest_route=\/wp\/v2\/types\/product"}],"wp:featuredmedia":[{"embeddable":true,"href":"https:\/\/www.deporteseli.com\/index.php?rest_route=\/wp\/v2\/media\/52917"}],"wp:attachment":[{"href":"https:\/\/www.deporteseli.com\/index.php?rest_route=%2Fwp%2Fv2%2Fmedia&parent=38546"}],"wp:term":[{"taxonomy":"product_brand","embeddable":true,"href":"https:\/\/www.deporteseli.com\/index.php?rest_route=%2Fwp%2Fv2%2Fproduct_brand&post=38546"},{"taxonomy":"product_cat","embeddable":true,"href":"https:\/\/www.deporteseli.com\/index.php?rest_route=%2Fwp%2Fv2%2Fproduct_cat&post=38546"},{"taxonomy":"product_tag","embeddable":true,"href":"https:\/\/www.deporteseli.com\/index.php?rest_route=%2Fwp%2Fv2%2Fproduct_tag&post=38546"}],"curies":[{"name":"wp","href":"https:\/\/api.w.org\/{rel}","templated":true}]}}