{"id":38542,"date":"2026-01-27T18:10:52","date_gmt":"2026-01-27T18:10:52","guid":{"rendered":"https:\/\/www.deporteseli.com\/?product=camiseta-de-fitness-adidas-training-essential"},"modified":"2026-03-07T05:25:50","modified_gmt":"2026-03-07T05:25:50","slug":"camiseta-de-fitness-adidas-training-essential","status":"publish","type":"product","link":"https:\/\/www.deporteseli.com\/?product=camiseta-de-fitness-adidas-training-essential","title":{"rendered":"CAMISETA DE FITNESS ADIDAS TRAINING ESSENTIAL"},"content":{"rendered":"<p>adidas Camiseta de Fitness adidas Training Essentials 3S  DESCRIPCI\u00d3N   La camiseta de fitness adidas G Tr-Es 3S T Ni\u00f1a es la elecci\u00f3n ideal para tus entrenamientos! Esta camiseta para ni\u00f1a presenta un corte entallado para una mayor comodidad, un cuello redondo para un look moderno y un punto del 88% poli\u00e9ster reciclado y 12% elast\u00e1n para una mayor resistencia. Incluye tecnolog\u00eda AEROREADY para una mayor transpirabilidad y un dise\u00f1o FreeLift para una mayor libertad de movimiento.  Perfecta para tu estilo de vida activa!  CARACTER\u00cdSTICAS  Corte entallado  Cuello redondo  Punto 88% poli\u00e9ster reciclado \/ 12% elast\u00e1n  AEROREADY  Dise\u00f1o FreeLift                                                                                                                                                                                                                                                                                                                                                                                                                                                                                                                                                                                                                                                                                                                                                                                                                                                                                                                                                                                                                                        <\/p>\n","protected":false},"excerpt":{"rendered":"<p>CAMISETA DE FITNESS ADIDAS TRAINING ESSENTIAL<\/p>\n","protected":false},"featured_media":52914,"template":"","meta":[],"product_brand":[],"product_cat":[296],"product_tag":[18],"class_list":{"0":"post-38542","1":"product","2":"type-product","3":"status-publish","4":"has-post-thumbnail","6":"product_cat-nino_textil_camisetas","7":"product_tag-adidas","8":"pa_color-unico","9":"pa_talla-t-10","10":"pa_talla-t-12","11":"pa_talla-t-8","12":"thunk-woo-product-list","13":"opn-qv-enable","14":"open-woo-hover-","15":"open-single-product-tab-horizontal","16":"open-shadow-","17":"open-shadow-hover-","19":"first","20":"instock","21":"shipping-taxable","22":"purchasable","23":"product-type-variable"},"jetpack_sharing_enabled":true,"_links":{"self":[{"href":"https:\/\/www.deporteseli.com\/index.php?rest_route=\/wp\/v2\/product\/38542","targetHints":{"allow":["GET"]}}],"collection":[{"href":"https:\/\/www.deporteseli.com\/index.php?rest_route=\/wp\/v2\/product"}],"about":[{"href":"https:\/\/www.deporteseli.com\/index.php?rest_route=\/wp\/v2\/types\/product"}],"wp:featuredmedia":[{"embeddable":true,"href":"https:\/\/www.deporteseli.com\/index.php?rest_route=\/wp\/v2\/media\/52914"}],"wp:attachment":[{"href":"https:\/\/www.deporteseli.com\/index.php?rest_route=%2Fwp%2Fv2%2Fmedia&parent=38542"}],"wp:term":[{"taxonomy":"product_brand","embeddable":true,"href":"https:\/\/www.deporteseli.com\/index.php?rest_route=%2Fwp%2Fv2%2Fproduct_brand&post=38542"},{"taxonomy":"product_cat","embeddable":true,"href":"https:\/\/www.deporteseli.com\/index.php?rest_route=%2Fwp%2Fv2%2Fproduct_cat&post=38542"},{"taxonomy":"product_tag","embeddable":true,"href":"https:\/\/www.deporteseli.com\/index.php?rest_route=%2Fwp%2Fv2%2Fproduct_tag&post=38542"}],"curies":[{"name":"wp","href":"https:\/\/api.w.org\/{rel}","templated":true}]}}