{"id":38539,"date":"2026-01-27T18:10:48","date_gmt":"2026-01-27T18:10:48","guid":{"rendered":"https:\/\/www.deporteseli.com\/?product=camisa-fila-ricki"},"modified":"2026-03-07T05:25:45","modified_gmt":"2026-03-07T05:25:45","slug":"camisa-fila-ricki","status":"publish","type":"product","link":"https:\/\/www.deporteseli.com\/?product=camisa-fila-ricki","title":{"rendered":"CAMISA FILA RICKI"},"content":{"rendered":"<p>Esta camiseta Fila es ideal para los entrenamientos y partidos de tenis de los ni\u00f1os. Sobria y original, esta camiseta se caracteriza tambi\u00e9n por el confort y la libertad de movimientos que otorga. Su tejido muy ligero y transpirable est\u00e1 perfectamente adaptado a la pr\u00e1ctica del tenis.                                                                                                                                                                                                                                                                                                                                                                                                                                                                                                                                                                                                                                                                                                                                                                                                                                                                                                                                                                                                                                        <\/p>\n","protected":false},"excerpt":{"rendered":"<p>CAMISA FILA RICKI<\/p>\n","protected":false},"featured_media":52913,"template":"","meta":[],"product_brand":[],"product_cat":[245],"product_tag":[46],"class_list":{"0":"post-38539","1":"product","2":"type-product","3":"status-publish","4":"has-post-thumbnail","6":"product_cat-hombre_textil_camisetas","7":"product_tag-fila","8":"pa_color-unico","9":"pa_talla-l","10":"pa_talla-xl","11":"thunk-woo-product-list","12":"opn-qv-enable","13":"open-woo-hover-","14":"open-single-product-tab-horizontal","15":"open-shadow-","16":"open-shadow-hover-","18":"first","19":"instock","20":"shipping-taxable","21":"purchasable","22":"product-type-variable"},"jetpack_sharing_enabled":true,"_links":{"self":[{"href":"https:\/\/www.deporteseli.com\/index.php?rest_route=\/wp\/v2\/product\/38539","targetHints":{"allow":["GET"]}}],"collection":[{"href":"https:\/\/www.deporteseli.com\/index.php?rest_route=\/wp\/v2\/product"}],"about":[{"href":"https:\/\/www.deporteseli.com\/index.php?rest_route=\/wp\/v2\/types\/product"}],"wp:featuredmedia":[{"embeddable":true,"href":"https:\/\/www.deporteseli.com\/index.php?rest_route=\/wp\/v2\/media\/52913"}],"wp:attachment":[{"href":"https:\/\/www.deporteseli.com\/index.php?rest_route=%2Fwp%2Fv2%2Fmedia&parent=38539"}],"wp:term":[{"taxonomy":"product_brand","embeddable":true,"href":"https:\/\/www.deporteseli.com\/index.php?rest_route=%2Fwp%2Fv2%2Fproduct_brand&post=38539"},{"taxonomy":"product_cat","embeddable":true,"href":"https:\/\/www.deporteseli.com\/index.php?rest_route=%2Fwp%2Fv2%2Fproduct_cat&post=38539"},{"taxonomy":"product_tag","embeddable":true,"href":"https:\/\/www.deporteseli.com\/index.php?rest_route=%2Fwp%2Fv2%2Fproduct_tag&post=38539"}],"curies":[{"name":"wp","href":"https:\/\/api.w.org\/{rel}","templated":true}]}}