{"id":38536,"date":"2026-01-27T18:10:44","date_gmt":"2026-01-27T18:10:44","guid":{"rendered":"https:\/\/www.deporteseli.com\/?product=camisa-fila-oscar"},"modified":"2026-03-07T05:25:42","modified_gmt":"2026-03-07T05:25:42","slug":"camisa-fila-oscar","status":"publish","type":"product","link":"https:\/\/www.deporteseli.com\/?product=camisa-fila-oscar","title":{"rendered":"CAMISA FILA OSCAR"},"content":{"rendered":"<p>Fila Oscar Camiseta De Manga Corta Hombres &#8211; Azul Oscuro, MulticolorLa camiseta de p\u00e1del de hombre Fila Oscar, confeccionada \u00edntegramente en malla, favorece la transpiraci\u00f3n y garantiza todos los movimientos sobre el terreno de juego.  Detalles:    Cuello redondo con perfil interno  Dobladillo trasero alargado para mayor cobertura  Logotipo de Fila impreso  Corte normal  Tejido: 100 % poli\u00e9ster reciclado                                                                                                                                                                                                                                                                                                                                                                                                                                                                                                                                                                                                                                                                                                                                                                                                                                                                                                                                                                                                                                        <\/p>\n","protected":false},"excerpt":{"rendered":"<p>CAMISA FILA OSCAR<\/p>\n","protected":false},"featured_media":52908,"template":"","meta":[],"product_brand":[],"product_cat":[364],"product_tag":[46],"class_list":{"0":"post-38536","1":"product","2":"type-product","3":"status-publish","4":"has-post-thumbnail","6":"product_cat-padel_y_tenis_textil_camisas","7":"product_tag-fila","8":"pa_color-unico","9":"pa_talla-m","10":"thunk-woo-product-list","11":"opn-qv-enable","12":"open-woo-hover-","13":"open-single-product-tab-horizontal","14":"open-shadow-","15":"open-shadow-hover-","17":"first","18":"instock","19":"shipping-taxable","20":"purchasable","21":"product-type-variable"},"jetpack_sharing_enabled":true,"_links":{"self":[{"href":"https:\/\/www.deporteseli.com\/index.php?rest_route=\/wp\/v2\/product\/38536","targetHints":{"allow":["GET"]}}],"collection":[{"href":"https:\/\/www.deporteseli.com\/index.php?rest_route=\/wp\/v2\/product"}],"about":[{"href":"https:\/\/www.deporteseli.com\/index.php?rest_route=\/wp\/v2\/types\/product"}],"wp:featuredmedia":[{"embeddable":true,"href":"https:\/\/www.deporteseli.com\/index.php?rest_route=\/wp\/v2\/media\/52908"}],"wp:attachment":[{"href":"https:\/\/www.deporteseli.com\/index.php?rest_route=%2Fwp%2Fv2%2Fmedia&parent=38536"}],"wp:term":[{"taxonomy":"product_brand","embeddable":true,"href":"https:\/\/www.deporteseli.com\/index.php?rest_route=%2Fwp%2Fv2%2Fproduct_brand&post=38536"},{"taxonomy":"product_cat","embeddable":true,"href":"https:\/\/www.deporteseli.com\/index.php?rest_route=%2Fwp%2Fv2%2Fproduct_cat&post=38536"},{"taxonomy":"product_tag","embeddable":true,"href":"https:\/\/www.deporteseli.com\/index.php?rest_route=%2Fwp%2Fv2%2Fproduct_tag&post=38536"}],"curies":[{"name":"wp","href":"https:\/\/api.w.org\/{rel}","templated":true}]}}