{"id":38518,"date":"2026-01-27T18:10:23","date_gmt":"2026-01-27T18:10:23","guid":{"rendered":"https:\/\/www.deporteseli.com\/?product=zapatillas-asics-gel-resolution-9-gs-clay"},"modified":"2026-04-08T09:42:05","modified_gmt":"2026-04-08T09:42:05","slug":"zapatillas-asics-gel-resolution-9-gs-clay","status":"publish","type":"product","link":"https:\/\/www.deporteseli.com\/?product=zapatillas-asics-gel-resolution-9-gs-clay","title":{"rendered":"ZAPATILLAS ASICS GEL-RESOLUTION 9 GS CLAY"},"content":{"rendered":"<p>Duraderas y c\u00f3modas, las zapatillas GEL-GAME\u2122 9 Padel GS (Grade School) est\u00e1n inspiradas en la idea de estar ah\u00ed el uno para el otro y vivir una vida elevada. ? ?La    Tecnolog\u00eda TRUSSTIC\u2122 en la entresuela genera una mejor estabilidad en la cancha. Al mismo tiempo, las nuevas herramientas combinan una entresuela de espuma EVA con tecnolog\u00eda de amortiguaci\u00f3n GEL\u2122 en la parte delantera del pie para aumentar la absorci\u00f3n de impactos.    Adem\u00e1s, la suela exterior mejorada ofrece una mayor flexibilidad y un dise\u00f1o m\u00e1s duradero.    Tecnolog\u00eda TRUSSTIC  Mejora la estabilidad    Tecnolog\u00eda GEL en el antepi\u00e9  La amortiguaci\u00f3n proporciona una excelente absorci\u00f3n de impactos    Plantilla de tinte Solution    Dise\u00f1o de suela exterior espec\u00edfico para p\u00e1del    Genero: Junior                                                                                                                                                                                                                                                                                                                                                                                                                                                                                                                                                                                                                                                                                                                                                                                                                                                                                                                                                                                                                                        <\/p>\n","protected":false},"excerpt":{"rendered":"<p>ZAPATILLAS ASICS GEL-RESOLUTION 9 GS CLAY<\/p>\n","protected":false},"featured_media":52893,"template":"","meta":[],"product_brand":[],"product_cat":[371],"product_tag":[19],"class_list":{"0":"post-38518","1":"product","2":"type-product","3":"status-publish","4":"has-post-thumbnail","6":"product_cat-padel_y_tenis_calzado","7":"product_tag-asics","8":"pa_color-unico","9":"pa_talla-35-5","10":"pa_talla-37-5","11":"thunk-woo-product-list","12":"opn-qv-enable","13":"open-woo-hover-","14":"open-single-product-tab-horizontal","15":"open-shadow-","16":"open-shadow-hover-","18":"first","19":"instock","20":"sale","21":"shipping-taxable","22":"purchasable","23":"product-type-variable"},"jetpack_sharing_enabled":true,"_links":{"self":[{"href":"https:\/\/www.deporteseli.com\/index.php?rest_route=\/wp\/v2\/product\/38518","targetHints":{"allow":["GET"]}}],"collection":[{"href":"https:\/\/www.deporteseli.com\/index.php?rest_route=\/wp\/v2\/product"}],"about":[{"href":"https:\/\/www.deporteseli.com\/index.php?rest_route=\/wp\/v2\/types\/product"}],"wp:featuredmedia":[{"embeddable":true,"href":"https:\/\/www.deporteseli.com\/index.php?rest_route=\/wp\/v2\/media\/52893"}],"wp:attachment":[{"href":"https:\/\/www.deporteseli.com\/index.php?rest_route=%2Fwp%2Fv2%2Fmedia&parent=38518"}],"wp:term":[{"taxonomy":"product_brand","embeddable":true,"href":"https:\/\/www.deporteseli.com\/index.php?rest_route=%2Fwp%2Fv2%2Fproduct_brand&post=38518"},{"taxonomy":"product_cat","embeddable":true,"href":"https:\/\/www.deporteseli.com\/index.php?rest_route=%2Fwp%2Fv2%2Fproduct_cat&post=38518"},{"taxonomy":"product_tag","embeddable":true,"href":"https:\/\/www.deporteseli.com\/index.php?rest_route=%2Fwp%2Fv2%2Fproduct_tag&post=38518"}],"curies":[{"name":"wp","href":"https:\/\/api.w.org\/{rel}","templated":true}]}}