{"id":38516,"date":"2026-01-27T18:10:20","date_gmt":"2026-01-27T18:10:20","guid":{"rendered":"https:\/\/www.deporteseli.com\/?product=gel-venture-9"},"modified":"2026-01-27T18:10:22","modified_gmt":"2026-01-27T18:10:22","slug":"gel-venture-9","status":"publish","type":"product","link":"https:\/\/www.deporteseli.com\/?product=gel-venture-9","title":{"rendered":"GEL-VENTURE\u2122 9"},"content":{"rendered":"<p>Las zapatillas GEL-VENTURE\u2122 9 han sido modificadas para proporcionar una mayor amortiguaci\u00f3n. Sus materiales han sido dise\u00f1ados estrat\u00e9gicamente para cuando cambias del entorno natural a las calles de la ciudad.?La entresuela ha sido modificada con amortiguaci\u00f3n AMPLIFOAM\u2122 y una mayor altura de la suela. En combinaci\u00f3n con la tecnolog\u00eda GEL\u2122 en la parte posterior del pie, estas caracter\u00edsticas ayudan a crear una mayor sensaci\u00f3n de comodidad y suavidad bajo los pies.?Por otro lado, la suela cuenta con un dibujo en relieve de tracci\u00f3n avanzada muy pr\u00e1ctico para las superficies de carretera y de senderos.  Caracter\u00edsticas t\u00e9cnicas  Empeine de malla  Mejora la transpirabilidad  La plantilla se confecciona bajo un proceso de te\u00f1ido en soluci\u00f3n, que reduce el consumo de agua en aproximadamente un 33% y las emisiones de carbono en aproximadamente un 45% en comparaci\u00f3n con la tecnolog\u00eda de te\u00f1ido convencional  Tecnolog\u00eda GEL\u2122 en el retropi\u00e9  Mejora la absorci\u00f3n de impactos y crea una sensaci\u00f3n m\u00e1s suave en la pisada  Amortiguaci\u00f3n AMPLIFOAM\u2122  Mejora la amortiguaci\u00f3n  Suela exterior con un patr\u00f3n espec\u00edfico para el trail running                                                                                                                                                                                                                                                                                                                                                                                                                                                                                                                                                                                                                                                                                                                                                                                                                                                                                                                                                                                                                                        <\/p>\n","protected":false},"excerpt":{"rendered":"<p>GEL-VENTURE\u2122 9<\/p>\n","protected":false},"featured_media":52891,"template":"","meta":[],"product_brand":[],"product_cat":[286],"product_tag":[19],"class_list":{"0":"post-38516","1":"product","2":"type-product","3":"status-publish","4":"has-post-thumbnail","6":"product_cat-mujer_calzado_trail","7":"product_tag-asics","8":"pa_color-unico","9":"pa_talla-37-5","10":"thunk-woo-product-list","11":"opn-qv-enable","12":"open-woo-hover-","13":"open-single-product-tab-horizontal","14":"open-shadow-","15":"open-shadow-hover-","17":"first","18":"instock","19":"sale","20":"shipping-taxable","21":"purchasable","22":"product-type-variable"},"jetpack_sharing_enabled":true,"_links":{"self":[{"href":"https:\/\/www.deporteseli.com\/index.php?rest_route=\/wp\/v2\/product\/38516","targetHints":{"allow":["GET"]}}],"collection":[{"href":"https:\/\/www.deporteseli.com\/index.php?rest_route=\/wp\/v2\/product"}],"about":[{"href":"https:\/\/www.deporteseli.com\/index.php?rest_route=\/wp\/v2\/types\/product"}],"wp:featuredmedia":[{"embeddable":true,"href":"https:\/\/www.deporteseli.com\/index.php?rest_route=\/wp\/v2\/media\/52891"}],"wp:attachment":[{"href":"https:\/\/www.deporteseli.com\/index.php?rest_route=%2Fwp%2Fv2%2Fmedia&parent=38516"}],"wp:term":[{"taxonomy":"product_brand","embeddable":true,"href":"https:\/\/www.deporteseli.com\/index.php?rest_route=%2Fwp%2Fv2%2Fproduct_brand&post=38516"},{"taxonomy":"product_cat","embeddable":true,"href":"https:\/\/www.deporteseli.com\/index.php?rest_route=%2Fwp%2Fv2%2Fproduct_cat&post=38516"},{"taxonomy":"product_tag","embeddable":true,"href":"https:\/\/www.deporteseli.com\/index.php?rest_route=%2Fwp%2Fv2%2Fproduct_tag&post=38516"}],"curies":[{"name":"wp","href":"https:\/\/api.w.org\/{rel}","templated":true}]}}