{"id":38510,"date":"2026-01-27T18:10:12","date_gmt":"2026-01-27T18:10:12","guid":{"rendered":"https:\/\/www.deporteseli.com\/?product=zapatillas-reebok-royal-classic"},"modified":"2026-03-21T05:18:30","modified_gmt":"2026-03-21T05:18:30","slug":"zapatillas-reebok-royal-classic","status":"publish","type":"product","link":"https:\/\/www.deporteseli.com\/?product=zapatillas-reebok-royal-classic","title":{"rendered":"ZAPATILLAS REEBOK ROYAL CLASSIC"},"content":{"rendered":"<p>ZAPATOS FIERCE ROYAL CLASSIC CON TOQUES DE NE\u00d3N Y DETALLES EN ZIGZAG  Sube de nivel el juego de zapatos de tus beb\u00e9s. Dale a los mini MVP una actitud de gran estilo con colores brillantes, costuras en zigzag y dise\u00f1o OG Reebok. Una correa hace que sean f\u00e1ciles de poner y quitar. La comodidad viene de serie.  Empeine sint\u00e9tico  Cordones el\u00e1sticos con tira de velcro  Forro textil  suela sint\u00e9tica  Color del producto: Core Black \/ Harmony Green \/ Acid Yellow  C\u00f3digo de producto: HP8672                                                                                                                                                                                                                                                                                                                                                                                                                                                                                                                                                                                                                                                                                                                                                                                                                                                                                                                                                                                                                                        <\/p>\n","protected":false},"excerpt":{"rendered":"<p>ZAPATILLAS REEBOK ROYAL CLASSIC<\/p>\n","protected":false},"featured_media":52879,"template":"","meta":[],"product_brand":[],"product_cat":[237],"product_tag":[41],"class_list":{"0":"post-38510","1":"product","2":"type-product","3":"status-publish","4":"has-post-thumbnail","6":"product_cat-outlet_calzado","7":"product_tag-reebok","8":"pa_color-unico","9":"pa_talla-23-5","10":"pa_talla-t-20","11":"pa_talla-t-21","12":"thunk-woo-product-list","13":"opn-qv-enable","14":"open-woo-hover-","15":"open-single-product-tab-horizontal","16":"open-shadow-","17":"open-shadow-hover-","19":"first","20":"instock","21":"shipping-taxable","22":"purchasable","23":"product-type-variable"},"jetpack_sharing_enabled":true,"_links":{"self":[{"href":"https:\/\/www.deporteseli.com\/index.php?rest_route=\/wp\/v2\/product\/38510","targetHints":{"allow":["GET"]}}],"collection":[{"href":"https:\/\/www.deporteseli.com\/index.php?rest_route=\/wp\/v2\/product"}],"about":[{"href":"https:\/\/www.deporteseli.com\/index.php?rest_route=\/wp\/v2\/types\/product"}],"wp:featuredmedia":[{"embeddable":true,"href":"https:\/\/www.deporteseli.com\/index.php?rest_route=\/wp\/v2\/media\/52879"}],"wp:attachment":[{"href":"https:\/\/www.deporteseli.com\/index.php?rest_route=%2Fwp%2Fv2%2Fmedia&parent=38510"}],"wp:term":[{"taxonomy":"product_brand","embeddable":true,"href":"https:\/\/www.deporteseli.com\/index.php?rest_route=%2Fwp%2Fv2%2Fproduct_brand&post=38510"},{"taxonomy":"product_cat","embeddable":true,"href":"https:\/\/www.deporteseli.com\/index.php?rest_route=%2Fwp%2Fv2%2Fproduct_cat&post=38510"},{"taxonomy":"product_tag","embeddable":true,"href":"https:\/\/www.deporteseli.com\/index.php?rest_route=%2Fwp%2Fv2%2Fproduct_tag&post=38510"}],"curies":[{"name":"wp","href":"https:\/\/api.w.org\/{rel}","templated":true}]}}