{"id":38496,"date":"2026-01-27T18:09:53","date_gmt":"2026-01-27T18:09:53","guid":{"rendered":"https:\/\/www.deporteseli.com\/?product=zapatillas-lotto-mirage-200-todas-las-superfi"},"modified":"2026-02-21T11:18:04","modified_gmt":"2026-02-21T11:18:04","slug":"zapatillas-lotto-mirage-200-todas-las-superfi","status":"publish","type":"product","link":"https:\/\/www.deporteseli.com\/?product=zapatillas-lotto-mirage-200-todas-las-superfi","title":{"rendered":"ZAPATILLAS LOTTO MIRAGE 200 TODAS LAS SUPERFI"},"content":{"rendered":"<p>Este modelo Mirage 200 Tierra Batida tiene una fina l\u00ednea para desplazarse r\u00e1pidamente por la pista.  Su sujeci\u00f3n ser\u00e1 perfecta para jugar horas con seguridad gracias a las construcci\u00f3n en calcet\u00edn que sube hasta el tobillo y al bloque Heel Control que va a estabilizar el tal\u00f3n.  Para el dinamismo, la suela intermedia garantiza un excelente retorno de energ\u00eda y el drop (diferencia de altura talon\/antepi\u00e9) orientar\u00e1 tu pie hacia delante para facilitar los arranques.  Para terminar, la durabilidad de este modelo te asegura largas horas de juego gracias al refuerzo RFC que va a impedir un desgaste r\u00e1pido a nivel del interior del pie y de los dedos, mientras que Longlast 40 va a utilizar un caucho de alta resistencia a la abrasi\u00f3n para la suela exterior.    \u00bfUna peque\u00f1a ventaja m\u00e1s de este modelo? Ser\u00e1 entregado con unos cordones verdes para cambiar de look seg\u00fan tu gusto o humor.    Aspecto  t\u00e9cnico :    &#8211; Side Stability Support : Estabilizador lateral presente en el empeine de la zapatilla y que va a asegurar la sujeci\u00f3n del pie en los desplazamientos.   &#8211; Heel Control: garantiza la buena sujeci\u00f3n y el control en el tal\u00f3n durante las carreras.  &#8211; RFC: Refuerzo presente en el interior del pie a nivel de los dedos para mejorar la durabilidad.  &#8211; Suela en caucho Longlast 40 para una resistencia \u00f3ptima a la abrasi\u00f3n.  &#8211; Foot Arch Support: Pieza situada en el medio pie y que va a limitar la torsi\u00f3n                                                                                                                                                                                                                                                                                                                                                                                                                                                                                                                                                                                                                                                                                                                                                                                                                                                                                                                                                                                                                                        <\/p>\n","protected":false},"excerpt":{"rendered":"<p>ZAPATILLAS LOTTO MIRAGE 200 TODAS LAS SUPERFI<\/p>\n","protected":false},"featured_media":52860,"template":"","meta":[],"product_brand":[],"product_cat":[371],"product_tag":[80],"class_list":{"0":"post-38496","1":"product","2":"type-product","3":"status-publish","4":"has-post-thumbnail","6":"product_cat-padel_y_tenis_calzado","7":"product_tag-lotto","8":"pa_color-unico","9":"pa_talla-40-5","10":"pa_talla-151","11":"pa_talla-153","12":"pa_talla-42-5","13":"pa_talla-155","14":"pa_talla-43-5","15":"thunk-woo-product-list","16":"opn-qv-enable","17":"open-woo-hover-","18":"open-single-product-tab-horizontal","19":"open-shadow-","20":"open-shadow-hover-","22":"first","23":"instock","24":"sale","25":"shipping-taxable","26":"purchasable","27":"product-type-variable"},"jetpack_sharing_enabled":true,"_links":{"self":[{"href":"https:\/\/www.deporteseli.com\/index.php?rest_route=\/wp\/v2\/product\/38496","targetHints":{"allow":["GET"]}}],"collection":[{"href":"https:\/\/www.deporteseli.com\/index.php?rest_route=\/wp\/v2\/product"}],"about":[{"href":"https:\/\/www.deporteseli.com\/index.php?rest_route=\/wp\/v2\/types\/product"}],"wp:featuredmedia":[{"embeddable":true,"href":"https:\/\/www.deporteseli.com\/index.php?rest_route=\/wp\/v2\/media\/52860"}],"wp:attachment":[{"href":"https:\/\/www.deporteseli.com\/index.php?rest_route=%2Fwp%2Fv2%2Fmedia&parent=38496"}],"wp:term":[{"taxonomy":"product_brand","embeddable":true,"href":"https:\/\/www.deporteseli.com\/index.php?rest_route=%2Fwp%2Fv2%2Fproduct_brand&post=38496"},{"taxonomy":"product_cat","embeddable":true,"href":"https:\/\/www.deporteseli.com\/index.php?rest_route=%2Fwp%2Fv2%2Fproduct_cat&post=38496"},{"taxonomy":"product_tag","embeddable":true,"href":"https:\/\/www.deporteseli.com\/index.php?rest_route=%2Fwp%2Fv2%2Fproduct_tag&post=38496"}],"curies":[{"name":"wp","href":"https:\/\/api.w.org\/{rel}","templated":true}]}}